{"id":1546,"date":"2023-11-23T12:46:09","date_gmt":"2023-11-23T18:46:09","guid":{"rendered":"https:\/\/libreriahistoriasdebolsillo.com\/?post_type=product&#038;p=1546"},"modified":"2023-11-23T12:46:09","modified_gmt":"2023-11-23T18:46:09","slug":"nosotros-bailamos-sobre-el-infierno","status":"publish","type":"product","link":"https:\/\/libreriahistoriasdebolsillo.com\/index.php\/producto\/nosotros-bailamos-sobre-el-infierno\/","title":{"rendered":"Nosotros bailamos sobre el infierno"},"content":{"rendered":"<p>Cuando \u00d3liver despierta en el ba\u00f1o de una discoteca, intuye que su vida acaba de cambiar. No tiene idea de cu\u00e1nto.<\/p>\n<p>Ahora una sombra monstruosa lo acecha por los rincones, susurr\u00e1ndole que estar\u00e1 con \u00e9l para siempre, y la culpa de lo que le ha ocurrido le pesa en el alma.<\/p>\n<p>Pero cree que ha hallado la forma de deshacerse de todo eso\u2026<\/p>\n<p>Cuando el carism\u00e1tico Connor Haynes, un amigo que ha hecho en el foro de su banda favorita le propone ir juntos a un recital en Brighton, el destino lo alienta a no tener miedo y a jug\u00e1rsela por lo que realmente desea.<\/p>\n<p>As\u00ed comienza su viaje. A Inglaterra. A Connor. Al recital de sus sue\u00f1os. Pero, por sobre todas las cosas, al legendario Devil\u2019s Dyke. En donde enterrar\u00e1 lo \u00fanico que le queda de su abusador.<\/p>\n<p><strong>Y ENVIAR\u00c1 A SUS DEMONIOS DE REGRESO AL INFIERNO.<\/strong><\/p>\n","protected":false},"excerpt":{"rendered":"<p>Marcos Bueno<\/p>\n","protected":false},"featured_media":1548,"template":"","meta":{"_joinchat":[]},"product_brand":[],"product_cat":[52,38],"product_tag":[48],"class_list":{"0":"post-1546","1":"product","2":"type-product","3":"status-publish","4":"has-post-thumbnail","6":"product_cat-juvenil","7":"product_cat-lgbtq","8":"product_tag-vr-editoras","10":"first","11":"instock","12":"shipping-taxable","13":"purchasable","14":"product-type-simple"},"_links":{"self":[{"href":"https:\/\/libreriahistoriasdebolsillo.com\/index.php\/wp-json\/wp\/v2\/product\/1546","targetHints":{"allow":["GET"]}}],"collection":[{"href":"https:\/\/libreriahistoriasdebolsillo.com\/index.php\/wp-json\/wp\/v2\/product"}],"about":[{"href":"https:\/\/libreriahistoriasdebolsillo.com\/index.php\/wp-json\/wp\/v2\/types\/product"}],"wp:featuredmedia":[{"embeddable":true,"href":"https:\/\/libreriahistoriasdebolsillo.com\/index.php\/wp-json\/wp\/v2\/media\/1548"}],"wp:attachment":[{"href":"https:\/\/libreriahistoriasdebolsillo.com\/index.php\/wp-json\/wp\/v2\/media?parent=1546"}],"wp:term":[{"taxonomy":"product_brand","embeddable":true,"href":"https:\/\/libreriahistoriasdebolsillo.com\/index.php\/wp-json\/wp\/v2\/product_brand?post=1546"},{"taxonomy":"product_cat","embeddable":true,"href":"https:\/\/libreriahistoriasdebolsillo.com\/index.php\/wp-json\/wp\/v2\/product_cat?post=1546"},{"taxonomy":"product_tag","embeddable":true,"href":"https:\/\/libreriahistoriasdebolsillo.com\/index.php\/wp-json\/wp\/v2\/product_tag?post=1546"}],"curies":[{"name":"wp","href":"https:\/\/api.w.org\/{rel}","templated":true}]}}