{"id":1549,"date":"2023-11-23T12:48:58","date_gmt":"2023-11-23T18:48:58","guid":{"rendered":"https:\/\/libreriahistoriasdebolsillo.com\/?post_type=product&#038;p=1549"},"modified":"2026-04-20T16:30:45","modified_gmt":"2026-04-20T22:30:45","slug":"las-pruebas-del-sol","status":"publish","type":"product","link":"https:\/\/libreriahistoriasdebolsillo.com\/index.php\/producto\/las-pruebas-del-sol\/","title":{"rendered":"Las pruebas del Sol"},"content":{"rendered":"<p><strong>CADA DIEZ A\u00d1OS SE LLEVAN A CABO LAS PRUEBAS DEL SOL<\/strong><\/p>\n<p>Solo los diez semidioses m\u00e1s dignos y poderosos son escogidos por Sol para participar en ellas.<\/p>\n<p>El ganador se convertir\u00e1 en el Portador de la luz. El perdedor ser\u00e1 sacrificado.<\/p>\n<p>Teo es el hijo trans de la diosa de las aves, y nunca se ha preocupado por las Pruebas\u2026al menos no cuando los candidatos m\u00e1s probables son su mejor amiga, Niya, la hero\u00edna m\u00e1s fuerte de su generaci\u00f3n y Aurelio, un famoso semidi\u00f3s Dorado.<\/p>\n<p>Pero por primera vez en m\u00e1s de un siglo, Sol elige a dos semidioses que no son Dorados: Xio, el hijo del Dios Mala suerte y\u2026 a Teo.<\/p>\n<p>Ahora deber\u00e1n competir en cinco pruebas misteriosas, contra oponentes m\u00e1s poderosos y mejor entrenados que ellos. Y Teo est\u00e1 dispuesto a lograrlo.<\/p>\n<p><strong>POR LA FAMA. POR LA GLORIA. POR SU PROPIA SUPERVIVENCIA.<\/strong><\/p>\n","protected":false},"excerpt":{"rendered":"<p>Aiden Thomas<\/p>\n","protected":false},"featured_media":1550,"template":"","meta":{"_joinchat":[]},"product_brand":[],"product_cat":[39,52,38],"product_tag":[48],"class_list":{"0":"post-1549","1":"product","2":"type-product","3":"status-publish","4":"has-post-thumbnail","6":"product_cat-fantasia","7":"product_cat-juvenil","8":"product_cat-lgbtq","9":"product_tag-vr-editoras","11":"first","12":"instock","13":"shipping-taxable","14":"purchasable","15":"product-type-simple"},"_links":{"self":[{"href":"https:\/\/libreriahistoriasdebolsillo.com\/index.php\/wp-json\/wp\/v2\/product\/1549","targetHints":{"allow":["GET"]}}],"collection":[{"href":"https:\/\/libreriahistoriasdebolsillo.com\/index.php\/wp-json\/wp\/v2\/product"}],"about":[{"href":"https:\/\/libreriahistoriasdebolsillo.com\/index.php\/wp-json\/wp\/v2\/types\/product"}],"wp:featuredmedia":[{"embeddable":true,"href":"https:\/\/libreriahistoriasdebolsillo.com\/index.php\/wp-json\/wp\/v2\/media\/1550"}],"wp:attachment":[{"href":"https:\/\/libreriahistoriasdebolsillo.com\/index.php\/wp-json\/wp\/v2\/media?parent=1549"}],"wp:term":[{"taxonomy":"product_brand","embeddable":true,"href":"https:\/\/libreriahistoriasdebolsillo.com\/index.php\/wp-json\/wp\/v2\/product_brand?post=1549"},{"taxonomy":"product_cat","embeddable":true,"href":"https:\/\/libreriahistoriasdebolsillo.com\/index.php\/wp-json\/wp\/v2\/product_cat?post=1549"},{"taxonomy":"product_tag","embeddable":true,"href":"https:\/\/libreriahistoriasdebolsillo.com\/index.php\/wp-json\/wp\/v2\/product_tag?post=1549"}],"curies":[{"name":"wp","href":"https:\/\/api.w.org\/{rel}","templated":true}]}}