{"id":1552,"date":"2023-11-23T12:51:28","date_gmt":"2023-11-23T18:51:28","guid":{"rendered":"https:\/\/libreriahistoriasdebolsillo.com\/?post_type=product&#038;p=1552"},"modified":"2025-06-19T14:41:45","modified_gmt":"2025-06-19T20:41:45","slug":"viuda-de-hierro","status":"publish","type":"product","link":"https:\/\/libreriahistoriasdebolsillo.com\/index.php\/producto\/viuda-de-hierro\/","title":{"rendered":"Viuda de hierro"},"content":{"rendered":"<p>Los chicos de\u00a0<b>Huata<\/b>\u00a0sue\u00f1an con ser emparejados con una chica para poder convertirse en\u00a0<b>pilotos de cris\u00e1lidas<\/b>, los gigantes mecanizados que se utilizan para luchar contra las criaturas que acechan al otro lado de la Gran Muralla. El mayor honor para una chica de Huarria es que la seleccionen como\u00a0<b>piloto concubina<\/b>, aunque esto signifique una\u00a0<b>muerte segura<\/b>. Cuando su hermana muere en una cris\u00e1lida,\u00a0<b>Zetian<\/b>\u00a0le toma el relevo para vengarla.<\/p>\n<p>La revancha es r\u00e1pida, brutal e inesperada, por lo que Zetian se gana el apelativo de la\u00a0<b>Viuda de Hierro<\/b>; una temida\u00a0<b>mujer piloto<\/b>\u00a0que\u00a0<b>sacrifica a los hombres<\/b>, y no al rev\u00e9s, para propulsar las cris\u00e1lidas. Para domar su inquietante pero valios\u00edsima fuerza mental, la emparejan con\u00a0<b>Li<\/b>\u00a0<b>Shirnin<\/b>, el piloto m\u00e1s fuerte y controvertido de todo el pa\u00eds. Pero, ahora que prob\u00f3 el poder, Zetian no se doblegar\u00e1 tan f\u00e1cilmente, y aprovechar\u00e1 sus dones y su infamia para sobrevivir a un intento tras otro de acabar con ella, hasta averiguar por qu\u00e9 el\u00a0<b>sistema de pilotos<\/b>\u00a0depende tanto de destruir la vida de las chicas y arrasarlo para siempre.<\/p>\n","protected":false},"excerpt":{"rendered":"<p>Xiran Jay Zhao<\/p>\n","protected":false},"featured_media":1555,"template":"","meta":{"_joinchat":[]},"product_brand":[],"product_cat":[79,39,52,38],"product_tag":[34],"class_list":{"0":"post-1552","1":"product","2":"type-product","3":"status-publish","4":"has-post-thumbnail","6":"product_cat-campana-punto-naranja","7":"product_cat-fantasia","8":"product_cat-juvenil","9":"product_cat-lgbtq","10":"product_tag-penguin-random-house","12":"first","13":"outofstock","14":"sale","15":"shipping-taxable","16":"purchasable","17":"product-type-simple"},"_links":{"self":[{"href":"https:\/\/libreriahistoriasdebolsillo.com\/index.php\/wp-json\/wp\/v2\/product\/1552","targetHints":{"allow":["GET"]}}],"collection":[{"href":"https:\/\/libreriahistoriasdebolsillo.com\/index.php\/wp-json\/wp\/v2\/product"}],"about":[{"href":"https:\/\/libreriahistoriasdebolsillo.com\/index.php\/wp-json\/wp\/v2\/types\/product"}],"wp:featuredmedia":[{"embeddable":true,"href":"https:\/\/libreriahistoriasdebolsillo.com\/index.php\/wp-json\/wp\/v2\/media\/1555"}],"wp:attachment":[{"href":"https:\/\/libreriahistoriasdebolsillo.com\/index.php\/wp-json\/wp\/v2\/media?parent=1552"}],"wp:term":[{"taxonomy":"product_brand","embeddable":true,"href":"https:\/\/libreriahistoriasdebolsillo.com\/index.php\/wp-json\/wp\/v2\/product_brand?post=1552"},{"taxonomy":"product_cat","embeddable":true,"href":"https:\/\/libreriahistoriasdebolsillo.com\/index.php\/wp-json\/wp\/v2\/product_cat?post=1552"},{"taxonomy":"product_tag","embeddable":true,"href":"https:\/\/libreriahistoriasdebolsillo.com\/index.php\/wp-json\/wp\/v2\/product_tag?post=1552"}],"curies":[{"name":"wp","href":"https:\/\/api.w.org\/{rel}","templated":true}]}}