{"id":1556,"date":"2023-11-23T12:53:24","date_gmt":"2023-11-23T18:53:24","guid":{"rendered":"https:\/\/libreriahistoriasdebolsillo.com\/?post_type=product&#038;p=1556"},"modified":"2024-01-05T11:32:56","modified_gmt":"2024-01-05T17:32:56","slug":"el-priorato-del-naranjo","status":"publish","type":"product","link":"https:\/\/libreriahistoriasdebolsillo.com\/index.php\/producto\/el-priorato-del-naranjo\/","title":{"rendered":"El priorato del naranjo"},"content":{"rendered":"<p>La Casa de Berethnet ha gobernado Inys durante mil a\u00f1os. A\u00fan sin casar, la reina Sabran IX debe concebir una hija para proteger a su reino de la destrucci\u00f3n. Pero los asesinos cada vez est\u00e1n m\u00e1s cerca.\u00a0<b>Ead Duryan es una intrusa en la corte.<\/b>\u00a0A pesar de que se ha posicionado como dama de honor, es leal a una\u00a0<b>sociedad oculta de magas<\/b>.<\/p>\n<p>Ead vigila a Sabran, protegi\u00e9ndola en secreto con magia prohibida. Al otro lado delmar oscuro, Tan\u00e9 ha entrenado toda su vida para ser una jinete de drag\u00f3n, pero se ve obligada a tomar\u00a0<b>una decisi\u00f3n que podr\u00eda destrozar su vida<\/b>. Mientras tanto, el Este y el Oeste siguen divididos. Cada regi\u00f3n tiene una religi\u00f3n diferente basada en los sucesos acaecidos mucho tiempo atr\u00e1s.\u00a0<b>Los que adoran a los dragones, los que los detestan y los que adoran al Innombrable aparentemente nunca se pondr\u00e1n de acuerdo. Y las fuerzas del caos se despiertan de su letargo y parecen estar a punto de llegar.<\/b><\/p>\n","protected":false},"excerpt":{"rendered":"<p>Samantha Shannon<\/p>\n","protected":false},"featured_media":1558,"template":"","meta":{"_joinchat":[]},"product_brand":[],"product_cat":[39,52,38],"product_tag":[34],"class_list":{"0":"post-1556","1":"product","2":"type-product","3":"status-publish","4":"has-post-thumbnail","6":"product_cat-fantasia","7":"product_cat-juvenil","8":"product_cat-lgbtq","9":"product_tag-penguin-random-house","11":"first","12":"outofstock","13":"shipping-taxable","14":"purchasable","15":"product-type-simple"},"_links":{"self":[{"href":"https:\/\/libreriahistoriasdebolsillo.com\/index.php\/wp-json\/wp\/v2\/product\/1556","targetHints":{"allow":["GET"]}}],"collection":[{"href":"https:\/\/libreriahistoriasdebolsillo.com\/index.php\/wp-json\/wp\/v2\/product"}],"about":[{"href":"https:\/\/libreriahistoriasdebolsillo.com\/index.php\/wp-json\/wp\/v2\/types\/product"}],"wp:featuredmedia":[{"embeddable":true,"href":"https:\/\/libreriahistoriasdebolsillo.com\/index.php\/wp-json\/wp\/v2\/media\/1558"}],"wp:attachment":[{"href":"https:\/\/libreriahistoriasdebolsillo.com\/index.php\/wp-json\/wp\/v2\/media?parent=1556"}],"wp:term":[{"taxonomy":"product_brand","embeddable":true,"href":"https:\/\/libreriahistoriasdebolsillo.com\/index.php\/wp-json\/wp\/v2\/product_brand?post=1556"},{"taxonomy":"product_cat","embeddable":true,"href":"https:\/\/libreriahistoriasdebolsillo.com\/index.php\/wp-json\/wp\/v2\/product_cat?post=1556"},{"taxonomy":"product_tag","embeddable":true,"href":"https:\/\/libreriahistoriasdebolsillo.com\/index.php\/wp-json\/wp\/v2\/product_tag?post=1556"}],"curies":[{"name":"wp","href":"https:\/\/api.w.org\/{rel}","templated":true}]}}