{"id":1559,"date":"2023-11-23T12:55:43","date_gmt":"2023-11-23T18:55:43","guid":{"rendered":"https:\/\/libreriahistoriasdebolsillo.com\/?post_type=product&#038;p=1559"},"modified":"2026-04-24T13:58:00","modified_gmt":"2026-04-24T19:58:00","slug":"la-cancion-de-los-hermanos-green-creek-4","status":"publish","type":"product","link":"https:\/\/libreriahistoriasdebolsillo.com\/index.php\/producto\/la-cancion-de-los-hermanos-green-creek-4\/","title":{"rendered":"Green Creek 4. La canci\u00f3n de los hermanos"},"content":{"rendered":"<p>En las ruinas de Caswell, Carter Benett descubri\u00f3 demasiado tarde aquello que siempre estuvo frente a sus ojos\u2026<\/p>\n<p>Desesperado por respuestas, ha abandonado a su manada para ir detr\u00e1s del hombre que hasta hace poco no era m\u00e1s que un lobo perdido. Para ir detr\u00e1s de Gavin Livingstone.<\/p>\n<p>Pero los lobos no son animales solitarios, y cu\u00e1nto m\u00e1s tiempo pasa por su cuenta, m\u00e1s se sumerge en la locura que amenaza a los Omegas. Aunque\u2026 ese no es el \u00fanico peligro que lo aguarda en el camino, y lo que hallar\u00e1n cambiar\u00e1 por siempre la vida de los lobos.<\/p>\n<p>Porque Gavin podr\u00eda ser m\u00e1s que un eslab\u00f3n perdido. Podr\u00eda ser otro de los terribles secretos de Thomas Bennett. Y los pecados del padre siempre caen sobre sus hijos.<\/p>\n<p><strong>EL FINAL HA LLEGADO<br \/>\n<\/strong><strong>\u00bfACOMPA\u00d1AR\u00c1S A LA MANADA EN SU \u00daLTIMA CANCI\u00d3N?<\/strong><\/p>\n","protected":false},"excerpt":{"rendered":"<p>TJ Klune<\/p>\n","protected":false},"featured_media":1561,"template":"","meta":{"_joinchat":[]},"product_brand":[],"product_cat":[39,52,38],"product_tag":[48],"class_list":{"0":"post-1559","1":"product","2":"type-product","3":"status-publish","4":"has-post-thumbnail","6":"product_cat-fantasia","7":"product_cat-juvenil","8":"product_cat-lgbtq","9":"product_tag-vr-editoras","11":"first","12":"instock","13":"shipping-taxable","14":"purchasable","15":"product-type-simple"},"_links":{"self":[{"href":"https:\/\/libreriahistoriasdebolsillo.com\/index.php\/wp-json\/wp\/v2\/product\/1559","targetHints":{"allow":["GET"]}}],"collection":[{"href":"https:\/\/libreriahistoriasdebolsillo.com\/index.php\/wp-json\/wp\/v2\/product"}],"about":[{"href":"https:\/\/libreriahistoriasdebolsillo.com\/index.php\/wp-json\/wp\/v2\/types\/product"}],"wp:featuredmedia":[{"embeddable":true,"href":"https:\/\/libreriahistoriasdebolsillo.com\/index.php\/wp-json\/wp\/v2\/media\/1561"}],"wp:attachment":[{"href":"https:\/\/libreriahistoriasdebolsillo.com\/index.php\/wp-json\/wp\/v2\/media?parent=1559"}],"wp:term":[{"taxonomy":"product_brand","embeddable":true,"href":"https:\/\/libreriahistoriasdebolsillo.com\/index.php\/wp-json\/wp\/v2\/product_brand?post=1559"},{"taxonomy":"product_cat","embeddable":true,"href":"https:\/\/libreriahistoriasdebolsillo.com\/index.php\/wp-json\/wp\/v2\/product_cat?post=1559"},{"taxonomy":"product_tag","embeddable":true,"href":"https:\/\/libreriahistoriasdebolsillo.com\/index.php\/wp-json\/wp\/v2\/product_tag?post=1559"}],"curies":[{"name":"wp","href":"https:\/\/api.w.org\/{rel}","templated":true}]}}