{"id":1565,"date":"2023-11-23T13:00:01","date_gmt":"2023-11-23T19:00:01","guid":{"rendered":"https:\/\/libreriahistoriasdebolsillo.com\/?post_type=product&#038;p=1565"},"modified":"2025-06-28T11:40:56","modified_gmt":"2025-06-28T17:40:56","slug":"la-cancion-del-cuervo-green-creek-2","status":"publish","type":"product","link":"https:\/\/libreriahistoriasdebolsillo.com\/index.php\/producto\/la-cancion-del-cuervo-green-creek-2\/","title":{"rendered":"Green Creek 2. La canci\u00f3n del cuervo"},"content":{"rendered":"<p><strong>LA MANADA TE EST\u00c1 LLAMANDO, \u00bfIGNORAR\u00c1S SU CANCI\u00d3N?<\/strong><\/p>\n<p>Endurecido por la traici\u00f3n de una manada que lo dej\u00f3 atr\u00e1s, Gordo Livingstone jur\u00f3 nunca volver a involucrarse en los asuntos de los lobos\u2026 o eso dec\u00eda, hasta que la manda regres\u00f3 y con ella Mark Bennett.<\/p>\n<p>Juntos como manada vencieron ante una bestia.<\/p>\n<p>Y ahora, un a\u00f1o despu\u00e9s Gordo ha vuelto a ser el brujo de los Bennett, mientras pelea constantemente por ignorar a Mark y a la maldita canci\u00f3n que a\u00falla entre ellos dos.<\/p>\n<p>Pero el tiempo se est\u00e1 acabando.<\/p>\n<p>Algo se acerca.<\/p>\n<p><strong>Y algunos lazos est\u00e1n hechos para romperse.<\/strong><\/p>\n","protected":false},"excerpt":{"rendered":"<p>TJ Klune<\/p>\n","protected":false},"featured_media":1566,"template":"","meta":{"_joinchat":[]},"product_brand":[],"product_cat":[39,52,38],"product_tag":[48],"class_list":{"0":"post-1565","1":"product","2":"type-product","3":"status-publish","4":"has-post-thumbnail","6":"product_cat-fantasia","7":"product_cat-juvenil","8":"product_cat-lgbtq","9":"product_tag-vr-editoras","11":"first","12":"instock","13":"shipping-taxable","14":"purchasable","15":"product-type-simple"},"_links":{"self":[{"href":"https:\/\/libreriahistoriasdebolsillo.com\/index.php\/wp-json\/wp\/v2\/product\/1565","targetHints":{"allow":["GET"]}}],"collection":[{"href":"https:\/\/libreriahistoriasdebolsillo.com\/index.php\/wp-json\/wp\/v2\/product"}],"about":[{"href":"https:\/\/libreriahistoriasdebolsillo.com\/index.php\/wp-json\/wp\/v2\/types\/product"}],"wp:featuredmedia":[{"embeddable":true,"href":"https:\/\/libreriahistoriasdebolsillo.com\/index.php\/wp-json\/wp\/v2\/media\/1566"}],"wp:attachment":[{"href":"https:\/\/libreriahistoriasdebolsillo.com\/index.php\/wp-json\/wp\/v2\/media?parent=1565"}],"wp:term":[{"taxonomy":"product_brand","embeddable":true,"href":"https:\/\/libreriahistoriasdebolsillo.com\/index.php\/wp-json\/wp\/v2\/product_brand?post=1565"},{"taxonomy":"product_cat","embeddable":true,"href":"https:\/\/libreriahistoriasdebolsillo.com\/index.php\/wp-json\/wp\/v2\/product_cat?post=1565"},{"taxonomy":"product_tag","embeddable":true,"href":"https:\/\/libreriahistoriasdebolsillo.com\/index.php\/wp-json\/wp\/v2\/product_tag?post=1565"}],"curies":[{"name":"wp","href":"https:\/\/api.w.org\/{rel}","templated":true}]}}