{"id":1567,"date":"2023-11-23T13:01:36","date_gmt":"2023-11-23T19:01:36","guid":{"rendered":"https:\/\/libreriahistoriasdebolsillo.com\/?post_type=product&#038;p=1567"},"modified":"2026-04-20T16:31:07","modified_gmt":"2026-04-20T22:31:07","slug":"la-cancion-del-lobo-green-creek-1","status":"publish","type":"product","link":"https:\/\/libreriahistoriasdebolsillo.com\/index.php\/producto\/la-cancion-del-lobo-green-creek-1\/","title":{"rendered":"Green Creek 1. La canci\u00f3n del lobo"},"content":{"rendered":"<p>Ox era un ni\u00f1o cuando su padre le ense\u00f1\u00f3 que nunca ser\u00eda nadie.<br \/>\nY lo crey\u00f3 por mucho tiempo.<br \/>\nHasta que se encontr\u00f3 a Joe al final de un camino. Un chico extra\u00f1o y explosivo, dispuesto a brindarle todo: desde su amistad y su familia, hasta su mayor secreto: uno que te\u00f1ir\u00e1 la vida de Ox de Alfas, Betas y Omegas.<br \/>\nSin embargo, cuando la muerte golpea a las puertas de Green Creek, Joe parte detr\u00e1s de un monstruo, cegado por la furia y la venganza. Y Ox deber\u00e1 demostrar<br \/>\nsu verdadero valor para proteger a quienes ama.<br \/>\nCuando vuelvan a encontrarse, ?ser\u00e1n capaces de resistir a la canci\u00f3n que a\u00falla con fuerza entre los dos?<\/p>\n","protected":false},"excerpt":{"rendered":"<p>TJ Klune<\/p>\n","protected":false},"featured_media":1568,"template":"","meta":{"_joinchat":[]},"product_brand":[],"product_cat":[39,52,38],"product_tag":[48],"class_list":{"0":"post-1567","1":"product","2":"type-product","3":"status-publish","4":"has-post-thumbnail","6":"product_cat-fantasia","7":"product_cat-juvenil","8":"product_cat-lgbtq","9":"product_tag-vr-editoras","11":"first","12":"instock","13":"shipping-taxable","14":"purchasable","15":"product-type-simple"},"_links":{"self":[{"href":"https:\/\/libreriahistoriasdebolsillo.com\/index.php\/wp-json\/wp\/v2\/product\/1567","targetHints":{"allow":["GET"]}}],"collection":[{"href":"https:\/\/libreriahistoriasdebolsillo.com\/index.php\/wp-json\/wp\/v2\/product"}],"about":[{"href":"https:\/\/libreriahistoriasdebolsillo.com\/index.php\/wp-json\/wp\/v2\/types\/product"}],"wp:featuredmedia":[{"embeddable":true,"href":"https:\/\/libreriahistoriasdebolsillo.com\/index.php\/wp-json\/wp\/v2\/media\/1568"}],"wp:attachment":[{"href":"https:\/\/libreriahistoriasdebolsillo.com\/index.php\/wp-json\/wp\/v2\/media?parent=1567"}],"wp:term":[{"taxonomy":"product_brand","embeddable":true,"href":"https:\/\/libreriahistoriasdebolsillo.com\/index.php\/wp-json\/wp\/v2\/product_brand?post=1567"},{"taxonomy":"product_cat","embeddable":true,"href":"https:\/\/libreriahistoriasdebolsillo.com\/index.php\/wp-json\/wp\/v2\/product_cat?post=1567"},{"taxonomy":"product_tag","embeddable":true,"href":"https:\/\/libreriahistoriasdebolsillo.com\/index.php\/wp-json\/wp\/v2\/product_tag?post=1567"}],"curies":[{"name":"wp","href":"https:\/\/api.w.org\/{rel}","templated":true}]}}