{"id":1569,"date":"2023-11-23T13:03:56","date_gmt":"2023-11-23T19:03:56","guid":{"rendered":"https:\/\/libreriahistoriasdebolsillo.com\/?post_type=product&#038;p=1569"},"modified":"2026-04-20T16:31:23","modified_gmt":"2026-04-20T22:31:23","slug":"los-extraordinarios","status":"publish","type":"product","link":"https:\/\/libreriahistoriasdebolsillo.com\/index.php\/producto\/los-extraordinarios\/","title":{"rendered":"Los extraordinarios 1"},"content":{"rendered":"<p>En Ciudad Nova hay un grupo de h\u00e9roes cuyas haza\u00f1as desaf\u00edan la imaginaci\u00f3n:\u00a0<strong>Los Extraordinarios.<\/strong><\/p>\n<p><strong>\u00a0<\/strong>\u00bfNick Bell? No es extraordinario. Pero ser el escritor del fanfic m\u00e1s popular del fandom es un superpoder, \u00bfverdad?<\/p>\n<p>Despu\u00e9s de un encuentro con Shadow Star, el h\u00e9roe m\u00e1s poderoso de la ciudad (y el amor plat\u00f3nico de Nick), el chico se propone volverse un extraordinario. Y lo har\u00e1 como sea, con o sin la ayuda del esquivo Seth Gray, su mejor amigo (y tal vez el amor de su vida).<\/p>\n<p><strong>D\u00e9jate atrapar (en el aire) por esta nueva historia llena de acci\u00f3n y romance, del extraordinario autor de\u00a0<em>La canci\u00f3n del lobo<\/em>: TJ KLUNE.<\/strong><\/p>\n","protected":false},"excerpt":{"rendered":"<p>TJ Klune<\/p>\n","protected":false},"featured_media":1571,"template":"","meta":{"_joinchat":[]},"product_brand":[],"product_cat":[39,52,38],"product_tag":[48],"class_list":{"0":"post-1569","1":"product","2":"type-product","3":"status-publish","4":"has-post-thumbnail","6":"product_cat-fantasia","7":"product_cat-juvenil","8":"product_cat-lgbtq","9":"product_tag-vr-editoras","11":"first","12":"instock","13":"shipping-taxable","14":"purchasable","15":"product-type-simple"},"_links":{"self":[{"href":"https:\/\/libreriahistoriasdebolsillo.com\/index.php\/wp-json\/wp\/v2\/product\/1569","targetHints":{"allow":["GET"]}}],"collection":[{"href":"https:\/\/libreriahistoriasdebolsillo.com\/index.php\/wp-json\/wp\/v2\/product"}],"about":[{"href":"https:\/\/libreriahistoriasdebolsillo.com\/index.php\/wp-json\/wp\/v2\/types\/product"}],"wp:featuredmedia":[{"embeddable":true,"href":"https:\/\/libreriahistoriasdebolsillo.com\/index.php\/wp-json\/wp\/v2\/media\/1571"}],"wp:attachment":[{"href":"https:\/\/libreriahistoriasdebolsillo.com\/index.php\/wp-json\/wp\/v2\/media?parent=1569"}],"wp:term":[{"taxonomy":"product_brand","embeddable":true,"href":"https:\/\/libreriahistoriasdebolsillo.com\/index.php\/wp-json\/wp\/v2\/product_brand?post=1569"},{"taxonomy":"product_cat","embeddable":true,"href":"https:\/\/libreriahistoriasdebolsillo.com\/index.php\/wp-json\/wp\/v2\/product_cat?post=1569"},{"taxonomy":"product_tag","embeddable":true,"href":"https:\/\/libreriahistoriasdebolsillo.com\/index.php\/wp-json\/wp\/v2\/product_tag?post=1569"}],"curies":[{"name":"wp","href":"https:\/\/api.w.org\/{rel}","templated":true}]}}