{"id":1575,"date":"2023-11-23T14:33:47","date_gmt":"2023-11-23T20:33:47","guid":{"rendered":"https:\/\/libreriahistoriasdebolsillo.com\/?post_type=product&#038;p=1575"},"modified":"2025-02-14T18:08:54","modified_gmt":"2025-02-15T00:08:54","slug":"harry-potter-lugares-y-personajes-magicos","status":"publish","type":"product","link":"https:\/\/libreriahistoriasdebolsillo.com\/index.php\/producto\/harry-potter-lugares-y-personajes-magicos\/","title":{"rendered":"Harry Potter, lugares y personajes m\u00e1gicos"},"content":{"rendered":"<p>Universo Harry Potter, en este libro encontrar\u00e1s complejas ilustraciones y elaborados dise\u00f1os utilizados en los rodajes de las pel\u00edculas. Colorea el Bosque Prohibido, el Castillo Hogwarts y hasta los afiches de la Copa de los Tres Magos. \u00a1Vive la magia!<\/p>\n","protected":false},"excerpt":{"rendered":"<p>Libro para colorear<\/p>\n","protected":false},"featured_media":1576,"template":"","meta":{"_joinchat":[]},"product_brand":[],"product_cat":[50],"product_tag":[48],"class_list":{"0":"post-1575","1":"product","2":"type-product","3":"status-publish","4":"has-post-thumbnail","6":"product_cat-mandalas-y-libros-para-colorear","7":"product_tag-vr-editoras","9":"first","10":"instock","11":"shipping-taxable","12":"purchasable","13":"product-type-simple"},"_links":{"self":[{"href":"https:\/\/libreriahistoriasdebolsillo.com\/index.php\/wp-json\/wp\/v2\/product\/1575","targetHints":{"allow":["GET"]}}],"collection":[{"href":"https:\/\/libreriahistoriasdebolsillo.com\/index.php\/wp-json\/wp\/v2\/product"}],"about":[{"href":"https:\/\/libreriahistoriasdebolsillo.com\/index.php\/wp-json\/wp\/v2\/types\/product"}],"wp:featuredmedia":[{"embeddable":true,"href":"https:\/\/libreriahistoriasdebolsillo.com\/index.php\/wp-json\/wp\/v2\/media\/1576"}],"wp:attachment":[{"href":"https:\/\/libreriahistoriasdebolsillo.com\/index.php\/wp-json\/wp\/v2\/media?parent=1575"}],"wp:term":[{"taxonomy":"product_brand","embeddable":true,"href":"https:\/\/libreriahistoriasdebolsillo.com\/index.php\/wp-json\/wp\/v2\/product_brand?post=1575"},{"taxonomy":"product_cat","embeddable":true,"href":"https:\/\/libreriahistoriasdebolsillo.com\/index.php\/wp-json\/wp\/v2\/product_cat?post=1575"},{"taxonomy":"product_tag","embeddable":true,"href":"https:\/\/libreriahistoriasdebolsillo.com\/index.php\/wp-json\/wp\/v2\/product_tag?post=1575"}],"curies":[{"name":"wp","href":"https:\/\/api.w.org\/{rel}","templated":true}]}}