{"id":1577,"date":"2023-11-23T14:35:30","date_gmt":"2023-11-23T20:35:30","guid":{"rendered":"https:\/\/libreriahistoriasdebolsillo.com\/?post_type=product&#038;p=1577"},"modified":"2025-02-14T18:08:50","modified_gmt":"2025-02-15T00:08:50","slug":"harry-potter-y-sus-artefactos-magicos","status":"publish","type":"product","link":"https:\/\/libreriahistoriasdebolsillo.com\/index.php\/producto\/harry-potter-y-sus-artefactos-magicos\/","title":{"rendered":"Harry Potter y sus artefactos m\u00e1gicos"},"content":{"rendered":"<p>Universo Harry Potter, en este libro encontrar\u00e1s complejas ilustraciones y elaborados dise\u00f1os utilizados en los rodajes de las pel\u00edculas. Colorea el Bosque Prohibido, el Castillo Hogwarts y hasta los afiches de la Copa de los Tres Magos. \u00a1Vive la magia!<\/p>\n","protected":false},"excerpt":{"rendered":"<p>Libro para colorear<\/p>\n","protected":false},"featured_media":1578,"template":"","meta":{"_joinchat":[]},"product_brand":[],"product_cat":[50],"product_tag":[48],"class_list":{"0":"post-1577","1":"product","2":"type-product","3":"status-publish","4":"has-post-thumbnail","6":"product_cat-mandalas-y-libros-para-colorear","7":"product_tag-vr-editoras","9":"first","10":"instock","11":"shipping-taxable","12":"purchasable","13":"product-type-simple"},"_links":{"self":[{"href":"https:\/\/libreriahistoriasdebolsillo.com\/index.php\/wp-json\/wp\/v2\/product\/1577","targetHints":{"allow":["GET"]}}],"collection":[{"href":"https:\/\/libreriahistoriasdebolsillo.com\/index.php\/wp-json\/wp\/v2\/product"}],"about":[{"href":"https:\/\/libreriahistoriasdebolsillo.com\/index.php\/wp-json\/wp\/v2\/types\/product"}],"wp:featuredmedia":[{"embeddable":true,"href":"https:\/\/libreriahistoriasdebolsillo.com\/index.php\/wp-json\/wp\/v2\/media\/1578"}],"wp:attachment":[{"href":"https:\/\/libreriahistoriasdebolsillo.com\/index.php\/wp-json\/wp\/v2\/media?parent=1577"}],"wp:term":[{"taxonomy":"product_brand","embeddable":true,"href":"https:\/\/libreriahistoriasdebolsillo.com\/index.php\/wp-json\/wp\/v2\/product_brand?post=1577"},{"taxonomy":"product_cat","embeddable":true,"href":"https:\/\/libreriahistoriasdebolsillo.com\/index.php\/wp-json\/wp\/v2\/product_cat?post=1577"},{"taxonomy":"product_tag","embeddable":true,"href":"https:\/\/libreriahistoriasdebolsillo.com\/index.php\/wp-json\/wp\/v2\/product_tag?post=1577"}],"curies":[{"name":"wp","href":"https:\/\/api.w.org\/{rel}","templated":true}]}}