{"id":1579,"date":"2023-11-23T14:36:45","date_gmt":"2023-11-23T20:36:45","guid":{"rendered":"https:\/\/libreriahistoriasdebolsillo.com\/?post_type=product&#038;p=1579"},"modified":"2025-06-14T16:34:57","modified_gmt":"2025-06-14T22:34:57","slug":"harry-potter-y-las-criaturas-magicas","status":"publish","type":"product","link":"https:\/\/libreriahistoriasdebolsillo.com\/index.php\/producto\/harry-potter-y-las-criaturas-magicas\/","title":{"rendered":"Harry Potter y las criaturas m\u00e1gicas"},"content":{"rendered":"<p>Este libro tiene escenas del mundo m\u00e1gico de Harry Potter. Los colores han sido esenciales a la hora de dar vida a Harry Potter en la pantalla grande, y estos dibujos proponen recrear esa magia especial. Ron, Hermione y Harry aparecen en diversas p\u00e1ginas para colorear. Los fan\u00e1ticos encontrar\u00e1n desde la calidez y la extravagancia de la familia Weasley, hasta decorados de las pel\u00edculas, afiches de torneos y batallas inolvidables.<\/p>\n","protected":false},"excerpt":{"rendered":"<p>Libro para colorear<\/p>\n","protected":false},"featured_media":1580,"template":"","meta":{"_joinchat":[]},"product_brand":[],"product_cat":[50],"product_tag":[48],"class_list":{"0":"post-1579","1":"product","2":"type-product","3":"status-publish","4":"has-post-thumbnail","6":"product_cat-mandalas-y-libros-para-colorear","7":"product_tag-vr-editoras","9":"first","10":"outofstock","11":"shipping-taxable","12":"purchasable","13":"product-type-simple"},"_links":{"self":[{"href":"https:\/\/libreriahistoriasdebolsillo.com\/index.php\/wp-json\/wp\/v2\/product\/1579","targetHints":{"allow":["GET"]}}],"collection":[{"href":"https:\/\/libreriahistoriasdebolsillo.com\/index.php\/wp-json\/wp\/v2\/product"}],"about":[{"href":"https:\/\/libreriahistoriasdebolsillo.com\/index.php\/wp-json\/wp\/v2\/types\/product"}],"wp:featuredmedia":[{"embeddable":true,"href":"https:\/\/libreriahistoriasdebolsillo.com\/index.php\/wp-json\/wp\/v2\/media\/1580"}],"wp:attachment":[{"href":"https:\/\/libreriahistoriasdebolsillo.com\/index.php\/wp-json\/wp\/v2\/media?parent=1579"}],"wp:term":[{"taxonomy":"product_brand","embeddable":true,"href":"https:\/\/libreriahistoriasdebolsillo.com\/index.php\/wp-json\/wp\/v2\/product_brand?post=1579"},{"taxonomy":"product_cat","embeddable":true,"href":"https:\/\/libreriahistoriasdebolsillo.com\/index.php\/wp-json\/wp\/v2\/product_cat?post=1579"},{"taxonomy":"product_tag","embeddable":true,"href":"https:\/\/libreriahistoriasdebolsillo.com\/index.php\/wp-json\/wp\/v2\/product_tag?post=1579"}],"curies":[{"name":"wp","href":"https:\/\/api.w.org\/{rel}","templated":true}]}}