{"id":1583,"date":"2023-11-23T14:42:47","date_gmt":"2023-11-23T20:42:47","guid":{"rendered":"https:\/\/libreriahistoriasdebolsillo.com\/?post_type=product&#038;p=1583"},"modified":"2026-02-28T16:37:39","modified_gmt":"2026-02-28T22:37:39","slug":"mujeres-imparables","status":"publish","type":"product","link":"https:\/\/libreriahistoriasdebolsillo.com\/index.php\/producto\/mujeres-imparables\/","title":{"rendered":"Mujeres imparables"},"content":{"rendered":"<p>Te ayudar\u00e1 a reconocer que el amor propio es un acto de valent\u00eda, un punto sin retorno que nos impulsa a superar cualquier obst\u00e1culo y convertirnos en todo lo que so\u00f1amos.<\/p>\n<p>A lo largo de estas p\u00e1ginas aprender\u00e1s a celebrarte como la mujer maravillosa que eres, una que rompe mitos y explota al m\u00e1ximo sus talentos. Escuchar\u00e1s a la l\u00edder que vive en ti para alcanzar el \u00e9xito y seguir adue\u00f1\u00e1ndote de tus deseos y elecciones.<\/p>\n<p><strong>\u00bfEst\u00e1s lista para formar parte de la gran comunidad de aquellas que alcanzan todas sus metas?<\/strong><\/p>\n","protected":false},"excerpt":{"rendered":"<p>Adriana Ort\u00edz Barraza<\/p>\n","protected":false},"featured_media":1585,"template":"","meta":{"_joinchat":[]},"product_brand":[],"product_cat":[58,41],"product_tag":[48],"class_list":{"0":"post-1583","1":"product","2":"type-product","3":"status-publish","4":"has-post-thumbnail","6":"product_cat-desarrollo-humano-y-superacion","7":"product_cat-desarrollo-humano","8":"product_tag-vr-editoras","10":"first","11":"instock","12":"shipping-taxable","13":"purchasable","14":"product-type-simple"},"_links":{"self":[{"href":"https:\/\/libreriahistoriasdebolsillo.com\/index.php\/wp-json\/wp\/v2\/product\/1583","targetHints":{"allow":["GET"]}}],"collection":[{"href":"https:\/\/libreriahistoriasdebolsillo.com\/index.php\/wp-json\/wp\/v2\/product"}],"about":[{"href":"https:\/\/libreriahistoriasdebolsillo.com\/index.php\/wp-json\/wp\/v2\/types\/product"}],"wp:featuredmedia":[{"embeddable":true,"href":"https:\/\/libreriahistoriasdebolsillo.com\/index.php\/wp-json\/wp\/v2\/media\/1585"}],"wp:attachment":[{"href":"https:\/\/libreriahistoriasdebolsillo.com\/index.php\/wp-json\/wp\/v2\/media?parent=1583"}],"wp:term":[{"taxonomy":"product_brand","embeddable":true,"href":"https:\/\/libreriahistoriasdebolsillo.com\/index.php\/wp-json\/wp\/v2\/product_brand?post=1583"},{"taxonomy":"product_cat","embeddable":true,"href":"https:\/\/libreriahistoriasdebolsillo.com\/index.php\/wp-json\/wp\/v2\/product_cat?post=1583"},{"taxonomy":"product_tag","embeddable":true,"href":"https:\/\/libreriahistoriasdebolsillo.com\/index.php\/wp-json\/wp\/v2\/product_tag?post=1583"}],"curies":[{"name":"wp","href":"https:\/\/api.w.org\/{rel}","templated":true}]}}