{"id":1586,"date":"2023-11-23T14:47:59","date_gmt":"2023-11-23T20:47:59","guid":{"rendered":"https:\/\/libreriahistoriasdebolsillo.com\/?post_type=product&#038;p=1586"},"modified":"2026-04-28T16:30:14","modified_gmt":"2026-04-28T22:30:14","slug":"dinero","status":"publish","type":"product","link":"https:\/\/libreriahistoriasdebolsillo.com\/index.php\/producto\/dinero\/","title":{"rendered":"Dinero"},"content":{"rendered":"<p>Todos somos malos con el dinero. Algunos simplemente son mejores para disimularlo. Pero como a nadie le gusta hablar de esto, el mito de que los dem\u00e1s saben usarlo y t\u00fa no sigue vigente.<\/p>\n<p>Este libro te ayudar\u00e1 a desmontarlo. Aqu\u00ed encontrar\u00e1s consejos y tips sobre finanzas personales para tomar decisiones y evitar que los bancos u otras compa\u00f1\u00edas se aprovechen de ti, lo cual te ahorrar\u00e1 mucho m\u00e1s que dejar de visitar tu restaurante favorito.<\/p>\n<p>Descubre c\u00f3mo funcionan las hipotecas, cu\u00e1l es la mejor tarjeta de cr\u00e9dito, cu\u00e1nto dinero poner en inversiones, qu\u00e9 errores est\u00e1s cometiendo y c\u00f3mo dejar de hacerlos para no sentirte tan mal.<\/p>\n<p>\u00a1Averigua todo lo que siempre quisiste saber sobre el dinero, pero no sab\u00edas d\u00f3nde encontrarlo!<\/p>\n","protected":false},"excerpt":{"rendered":"<p>Laura Whateley<\/p>\n","protected":false},"featured_media":1588,"template":"","meta":{"_joinchat":[]},"product_brand":[],"product_cat":[58,41],"product_tag":[48],"class_list":{"0":"post-1586","1":"product","2":"type-product","3":"status-publish","4":"has-post-thumbnail","6":"product_cat-desarrollo-humano-y-superacion","7":"product_cat-desarrollo-humano","8":"product_tag-vr-editoras","10":"first","11":"outofstock","12":"shipping-taxable","13":"purchasable","14":"product-type-simple"},"_links":{"self":[{"href":"https:\/\/libreriahistoriasdebolsillo.com\/index.php\/wp-json\/wp\/v2\/product\/1586","targetHints":{"allow":["GET"]}}],"collection":[{"href":"https:\/\/libreriahistoriasdebolsillo.com\/index.php\/wp-json\/wp\/v2\/product"}],"about":[{"href":"https:\/\/libreriahistoriasdebolsillo.com\/index.php\/wp-json\/wp\/v2\/types\/product"}],"wp:featuredmedia":[{"embeddable":true,"href":"https:\/\/libreriahistoriasdebolsillo.com\/index.php\/wp-json\/wp\/v2\/media\/1588"}],"wp:attachment":[{"href":"https:\/\/libreriahistoriasdebolsillo.com\/index.php\/wp-json\/wp\/v2\/media?parent=1586"}],"wp:term":[{"taxonomy":"product_brand","embeddable":true,"href":"https:\/\/libreriahistoriasdebolsillo.com\/index.php\/wp-json\/wp\/v2\/product_brand?post=1586"},{"taxonomy":"product_cat","embeddable":true,"href":"https:\/\/libreriahistoriasdebolsillo.com\/index.php\/wp-json\/wp\/v2\/product_cat?post=1586"},{"taxonomy":"product_tag","embeddable":true,"href":"https:\/\/libreriahistoriasdebolsillo.com\/index.php\/wp-json\/wp\/v2\/product_tag?post=1586"}],"curies":[{"name":"wp","href":"https:\/\/api.w.org\/{rel}","templated":true}]}}