{"id":1589,"date":"2023-11-23T14:50:43","date_gmt":"2023-11-23T20:50:43","guid":{"rendered":"https:\/\/libreriahistoriasdebolsillo.com\/?post_type=product&#038;p=1589"},"modified":"2025-02-14T18:17:36","modified_gmt":"2025-02-15T00:17:36","slug":"prueba-de-fuego-maze-runner-2","status":"publish","type":"product","link":"https:\/\/libreriahistoriasdebolsillo.com\/index.php\/producto\/prueba-de-fuego-maze-runner-2\/","title":{"rendered":"Maze runner 2 Prueba de fuego"},"content":{"rendered":"<p>Thomas y sus amigos descansan despu\u00e9s de escapar del Laberinto. Por fin sienten que est\u00e1n a salvo. Pero unos gritos desquiciados los despiertan y los enfrentan a una realidad a\u00fan m\u00e1s aterradora que la anterior. Para sobrevivir, deber\u00e1n emprender una traves\u00eda en la que cada desaf\u00edo los enfrentar\u00e1 a nuevos peligros: calor ardiente, destrucci\u00f3n, un aire irrespirable. Cada paso es una sorpresa en una caminata casi apocal\u00edptica. Lo que qued\u00f3 del mundo es un p\u00e1ramo, a trav\u00e9s del cual deber\u00e1n peregrinar hacia la esperanza (o qui\u00e9n sabe\u2026). Emplazados, perseguidos, rodeados de locura, enfermedad y muerte; amenazados por cuerpos con llagas, devastados por La Llamarada; sin poder confiar en los adultos delirantes, hambrientos y violentos, que los acechan a cada paso. Pero para Thomas lo peor ser\u00e1 descubrir que lo poco que \u00e9l cre\u00eda aut\u00e9ntico en su vida, podr\u00eda ser tambi\u00e9n una trampa. ?Qu\u00e9 es verdad y qu\u00e9 es mentira? ?En qui\u00e9nes puede confiar? ?Hasta donde llega la manipulaci\u00f3n? ?Cu\u00e1l es el objetivo de todo ese infierno? Luego de Correr o Morir, James Dashner vuelve a electrizar al p\u00fablico con esta segunda parte de la trilog\u00eda Maze Runner. M\u00e1s acci\u00f3n. M\u00e1s suspenso. Una trama que es un disparo al rojo vivo, explosiva y lacerante. Una verdadera prueba de fuego para lectores audaces.<\/p>\n","protected":false},"excerpt":{"rendered":"<p>James Dashner<\/p>\n","protected":false},"featured_media":1591,"template":"","meta":{"_joinchat":[]},"product_brand":[],"product_cat":[40,52],"product_tag":[48],"class_list":{"0":"post-1589","1":"product","2":"type-product","3":"status-publish","4":"has-post-thumbnail","6":"product_cat-ciencia-ficcion","7":"product_cat-juvenil","8":"product_tag-vr-editoras","10":"first","11":"instock","12":"shipping-taxable","13":"purchasable","14":"product-type-simple"},"_links":{"self":[{"href":"https:\/\/libreriahistoriasdebolsillo.com\/index.php\/wp-json\/wp\/v2\/product\/1589","targetHints":{"allow":["GET"]}}],"collection":[{"href":"https:\/\/libreriahistoriasdebolsillo.com\/index.php\/wp-json\/wp\/v2\/product"}],"about":[{"href":"https:\/\/libreriahistoriasdebolsillo.com\/index.php\/wp-json\/wp\/v2\/types\/product"}],"wp:featuredmedia":[{"embeddable":true,"href":"https:\/\/libreriahistoriasdebolsillo.com\/index.php\/wp-json\/wp\/v2\/media\/1591"}],"wp:attachment":[{"href":"https:\/\/libreriahistoriasdebolsillo.com\/index.php\/wp-json\/wp\/v2\/media?parent=1589"}],"wp:term":[{"taxonomy":"product_brand","embeddable":true,"href":"https:\/\/libreriahistoriasdebolsillo.com\/index.php\/wp-json\/wp\/v2\/product_brand?post=1589"},{"taxonomy":"product_cat","embeddable":true,"href":"https:\/\/libreriahistoriasdebolsillo.com\/index.php\/wp-json\/wp\/v2\/product_cat?post=1589"},{"taxonomy":"product_tag","embeddable":true,"href":"https:\/\/libreriahistoriasdebolsillo.com\/index.php\/wp-json\/wp\/v2\/product_tag?post=1589"}],"curies":[{"name":"wp","href":"https:\/\/api.w.org\/{rel}","templated":true}]}}