{"id":1592,"date":"2023-11-23T14:52:09","date_gmt":"2023-11-23T20:52:09","guid":{"rendered":"https:\/\/libreriahistoriasdebolsillo.com\/?post_type=product&#038;p=1592"},"modified":"2026-04-20T16:29:50","modified_gmt":"2026-04-20T22:29:50","slug":"correr-o-morir-maze-runner-1","status":"publish","type":"product","link":"https:\/\/libreriahistoriasdebolsillo.com\/index.php\/producto\/correr-o-morir-maze-runner-1\/","title":{"rendered":"Maze Runner 1 Correr o morir"},"content":{"rendered":"<p>Al despertar dentro de un oscuro elevador en movimiento, lo \u00fanico que Thomas logra recordar es su nombre. No sabe qui\u00e9n es. Tampoco hacia d\u00f3nde va. Pero no est\u00e1 solo: cuando la caja llega a su destino, las puertas se abren y se ve rodeado por un grupo de j\u00f3venes. ?Bienvenido al \u00e1rea, Novicio.? El \u00e1rea. Un espacio abierto cercado por muros gigantescos. Al igual que Thomas, ninguno de ellos sabe c\u00f3mo ha llegado all\u00ed. Ni por qu\u00e9. De lo que est\u00e1n seguros es de que cada ma\u00f1ana las puertas de piedra del laberinto que los rodea se abren y por la noche, se cierran. Y que cada treinta d\u00edas alguien nuevo es entregado por el elevador. Un hecho altera de forma radical la rutina del lugar: llega una chica, la primera enviada al \u00e1rea. Y m\u00e1s sorprendente todav\u00eda es el mensaje que trae. Thomas ser\u00e1 m\u00e1s importante de lo que imagina. Pero para eso deber\u00e1 descubrir los sombr\u00edos secretos guardados en su mente. Por alguna raz\u00f3n, sabe que para lograrlo debe correr. Correr ser\u00e1 la clave. O morir\u00e1.<\/p>\n","protected":false},"excerpt":{"rendered":"<p>James Dashner<\/p>\n","protected":false},"featured_media":1593,"template":"","meta":{"_joinchat":[]},"product_brand":[],"product_cat":[40,52],"product_tag":[48],"class_list":{"0":"post-1592","1":"product","2":"type-product","3":"status-publish","4":"has-post-thumbnail","6":"product_cat-ciencia-ficcion","7":"product_cat-juvenil","8":"product_tag-vr-editoras","10":"first","11":"instock","12":"shipping-taxable","13":"purchasable","14":"product-type-simple"},"_links":{"self":[{"href":"https:\/\/libreriahistoriasdebolsillo.com\/index.php\/wp-json\/wp\/v2\/product\/1592","targetHints":{"allow":["GET"]}}],"collection":[{"href":"https:\/\/libreriahistoriasdebolsillo.com\/index.php\/wp-json\/wp\/v2\/product"}],"about":[{"href":"https:\/\/libreriahistoriasdebolsillo.com\/index.php\/wp-json\/wp\/v2\/types\/product"}],"wp:featuredmedia":[{"embeddable":true,"href":"https:\/\/libreriahistoriasdebolsillo.com\/index.php\/wp-json\/wp\/v2\/media\/1593"}],"wp:attachment":[{"href":"https:\/\/libreriahistoriasdebolsillo.com\/index.php\/wp-json\/wp\/v2\/media?parent=1592"}],"wp:term":[{"taxonomy":"product_brand","embeddable":true,"href":"https:\/\/libreriahistoriasdebolsillo.com\/index.php\/wp-json\/wp\/v2\/product_brand?post=1592"},{"taxonomy":"product_cat","embeddable":true,"href":"https:\/\/libreriahistoriasdebolsillo.com\/index.php\/wp-json\/wp\/v2\/product_cat?post=1592"},{"taxonomy":"product_tag","embeddable":true,"href":"https:\/\/libreriahistoriasdebolsillo.com\/index.php\/wp-json\/wp\/v2\/product_tag?post=1592"}],"curies":[{"name":"wp","href":"https:\/\/api.w.org\/{rel}","templated":true}]}}