{"id":1594,"date":"2023-11-23T14:55:01","date_gmt":"2023-11-23T20:55:01","guid":{"rendered":"https:\/\/libreriahistoriasdebolsillo.com\/?post_type=product&#038;p=1594"},"modified":"2024-04-02T18:33:12","modified_gmt":"2024-04-03T00:33:12","slug":"winter","status":"publish","type":"product","link":"https:\/\/libreriahistoriasdebolsillo.com\/index.php\/producto\/winter\/","title":{"rendered":"Cr\u00f3nicas lunares 4. Winter"},"content":{"rendered":"<p>ESPEJITO, ESPEJITO\u2026<br \/>\nNADIE ES M\u00c1S BONITO QUE LA REINA<\/p>\n<p>Suspender la boda real, para Cinder y los dem\u00e1s, fue pan comido en comparaci\u00f3n a lo que viene. El nuevo plan es lograr lo imposible: la rebeli\u00f3n en Luna.<br \/>\nUn solo paso en falso puede acabar con la vida y los sue\u00f1os de todos. Pero lo que Cinder a\u00fan no sabe es que en Luna encontrar\u00e1 una aliada decisiva: Winter, una joven que con su belleza y su bondad puede ser la clave para destronar a la reina Levana.<br \/>\n\u00bfSer\u00e1 esta muchacha fr\u00e1gil e ingenua quien muestre a los lunares que existe una vida m\u00e1s all\u00e1 de la manipulaci\u00f3n y del terror?<\/p>\n<p>\u00bfLOGRAR\u00c1N SALIR VICTORIOSOS?<br \/>\n\u00bfPODR\u00c1 SER ESTE EL FELICES POR SIEMPRE?<\/p>\n","protected":false},"excerpt":{"rendered":"<p>Marissa Meyer<\/p>\n","protected":false},"featured_media":1596,"template":"","meta":{"_joinchat":[]},"product_brand":[],"product_cat":[40,39,52],"product_tag":[48],"class_list":{"0":"post-1594","1":"product","2":"type-product","3":"status-publish","4":"has-post-thumbnail","6":"product_cat-ciencia-ficcion","7":"product_cat-fantasia","8":"product_cat-juvenil","9":"product_tag-vr-editoras","11":"first","12":"instock","13":"shipping-taxable","14":"purchasable","15":"product-type-simple"},"_links":{"self":[{"href":"https:\/\/libreriahistoriasdebolsillo.com\/index.php\/wp-json\/wp\/v2\/product\/1594","targetHints":{"allow":["GET"]}}],"collection":[{"href":"https:\/\/libreriahistoriasdebolsillo.com\/index.php\/wp-json\/wp\/v2\/product"}],"about":[{"href":"https:\/\/libreriahistoriasdebolsillo.com\/index.php\/wp-json\/wp\/v2\/types\/product"}],"wp:featuredmedia":[{"embeddable":true,"href":"https:\/\/libreriahistoriasdebolsillo.com\/index.php\/wp-json\/wp\/v2\/media\/1596"}],"wp:attachment":[{"href":"https:\/\/libreriahistoriasdebolsillo.com\/index.php\/wp-json\/wp\/v2\/media?parent=1594"}],"wp:term":[{"taxonomy":"product_brand","embeddable":true,"href":"https:\/\/libreriahistoriasdebolsillo.com\/index.php\/wp-json\/wp\/v2\/product_brand?post=1594"},{"taxonomy":"product_cat","embeddable":true,"href":"https:\/\/libreriahistoriasdebolsillo.com\/index.php\/wp-json\/wp\/v2\/product_cat?post=1594"},{"taxonomy":"product_tag","embeddable":true,"href":"https:\/\/libreriahistoriasdebolsillo.com\/index.php\/wp-json\/wp\/v2\/product_tag?post=1594"}],"curies":[{"name":"wp","href":"https:\/\/api.w.org\/{rel}","templated":true}]}}