{"id":1597,"date":"2023-11-23T14:58:21","date_gmt":"2023-11-23T20:58:21","guid":{"rendered":"https:\/\/libreriahistoriasdebolsillo.com\/?post_type=product&#038;p=1597"},"modified":"2025-02-14T15:36:20","modified_gmt":"2025-02-14T21:36:20","slug":"cress","status":"publish","type":"product","link":"https:\/\/libreriahistoriasdebolsillo.com\/index.php\/producto\/cress\/","title":{"rendered":"Cr\u00f3nicas lunares 3. Cress"},"content":{"rendered":"<p>ESTA DONCELLA EST\u00c1 ATRAPADA\u2026<br \/>\nPERO NO EN UNA TORRE<\/p>\n<p>Cinder, Thorne, Scarlet y Wolf son los fugitivos intergal\u00e1cticos m\u00e1s buscados. Juntos planean destronar a la reina Levana y destruir su armada. Y, ahora, todas sus esperanzas est\u00e1n puestas en una joven hacker, Cress.<br \/>\nPero Cress tiene una peque\u00f1a particularidad\u2026 lleva toda su vida atrapada en un sat\u00e9lite. Rodeada de pantallas. Observando. Espiando.<br \/>\nSo\u00f1ando con ser libre.<br \/>\nMientras Cress descubre que el precio de su a\u00f1orada libertad es m\u00e1s alto de lo que imagina, la malvada reina Levana est\u00e1 empe\u00f1ada en que nada ni nadie arruine su boda con el emperador Kai\u2026<\/p>\n<p>NADA.<br \/>\nNI NADIE.<br \/>\n\u00bfDE QU\u00c9 SER\u00c1 CAPAZ CON TAL DE CUMPLIR SU OBJETIVO?<\/p>\n","protected":false},"excerpt":{"rendered":"<p>Marissa Meyer<\/p>\n","protected":false},"featured_media":1599,"template":"","meta":{"_joinchat":[]},"product_brand":[],"product_cat":[40,39,52],"product_tag":[48],"class_list":{"0":"post-1597","1":"product","2":"type-product","3":"status-publish","4":"has-post-thumbnail","6":"product_cat-ciencia-ficcion","7":"product_cat-fantasia","8":"product_cat-juvenil","9":"product_tag-vr-editoras","11":"first","12":"instock","13":"shipping-taxable","14":"purchasable","15":"product-type-simple"},"_links":{"self":[{"href":"https:\/\/libreriahistoriasdebolsillo.com\/index.php\/wp-json\/wp\/v2\/product\/1597","targetHints":{"allow":["GET"]}}],"collection":[{"href":"https:\/\/libreriahistoriasdebolsillo.com\/index.php\/wp-json\/wp\/v2\/product"}],"about":[{"href":"https:\/\/libreriahistoriasdebolsillo.com\/index.php\/wp-json\/wp\/v2\/types\/product"}],"wp:featuredmedia":[{"embeddable":true,"href":"https:\/\/libreriahistoriasdebolsillo.com\/index.php\/wp-json\/wp\/v2\/media\/1599"}],"wp:attachment":[{"href":"https:\/\/libreriahistoriasdebolsillo.com\/index.php\/wp-json\/wp\/v2\/media?parent=1597"}],"wp:term":[{"taxonomy":"product_brand","embeddable":true,"href":"https:\/\/libreriahistoriasdebolsillo.com\/index.php\/wp-json\/wp\/v2\/product_brand?post=1597"},{"taxonomy":"product_cat","embeddable":true,"href":"https:\/\/libreriahistoriasdebolsillo.com\/index.php\/wp-json\/wp\/v2\/product_cat?post=1597"},{"taxonomy":"product_tag","embeddable":true,"href":"https:\/\/libreriahistoriasdebolsillo.com\/index.php\/wp-json\/wp\/v2\/product_tag?post=1597"}],"curies":[{"name":"wp","href":"https:\/\/api.w.org\/{rel}","templated":true}]}}