{"id":1600,"date":"2023-11-23T15:00:21","date_gmt":"2023-11-23T21:00:21","guid":{"rendered":"https:\/\/libreriahistoriasdebolsillo.com\/?post_type=product&#038;p=1600"},"modified":"2025-12-30T14:26:04","modified_gmt":"2025-12-30T20:26:04","slug":"heartless","status":"publish","type":"product","link":"https:\/\/libreriahistoriasdebolsillo.com\/index.php\/producto\/heartless\/","title":{"rendered":"Heartless"},"content":{"rendered":"<p>Mucho antes de convertirse en el terror del pa\u00eds de las maravillas, la reina de corazones era una chica que tan solo quer\u00eda enamorarse. Catherine es una de las j\u00f3venes m\u00e1s deseadas de corazones. Es la favorita del rey. Pero ella quiere vivir bajo sus propias reglas y tomar las riendas de su vida. Pero \u00bfa qu\u00e9 precio? Meyer combin\u00f3 elementos de la oscuridad y de la luz, del destino y del libre albedr\u00edo, del amor y del odio, en una historia inolvidable sobre c\u00f3mo la reina de corazones dej\u00f3 de ser una joven que so\u00f1aba con el verdadero amor y la libertad y se convirti\u00f3 en una cruel mujer a la que todos recuerdan por su frase, \u00a1Que le corten la cabeza!<\/p>\n","protected":false},"excerpt":{"rendered":"<p>Marissa Meyer<\/p>\n","protected":false},"featured_media":1602,"template":"","meta":{"_joinchat":[]},"product_brand":[],"product_cat":[39,52],"product_tag":[48],"class_list":{"0":"post-1600","1":"product","2":"type-product","3":"status-publish","4":"has-post-thumbnail","6":"product_cat-fantasia","7":"product_cat-juvenil","8":"product_tag-vr-editoras","10":"first","11":"instock","12":"shipping-taxable","13":"purchasable","14":"product-type-simple"},"_links":{"self":[{"href":"https:\/\/libreriahistoriasdebolsillo.com\/index.php\/wp-json\/wp\/v2\/product\/1600","targetHints":{"allow":["GET"]}}],"collection":[{"href":"https:\/\/libreriahistoriasdebolsillo.com\/index.php\/wp-json\/wp\/v2\/product"}],"about":[{"href":"https:\/\/libreriahistoriasdebolsillo.com\/index.php\/wp-json\/wp\/v2\/types\/product"}],"wp:featuredmedia":[{"embeddable":true,"href":"https:\/\/libreriahistoriasdebolsillo.com\/index.php\/wp-json\/wp\/v2\/media\/1602"}],"wp:attachment":[{"href":"https:\/\/libreriahistoriasdebolsillo.com\/index.php\/wp-json\/wp\/v2\/media?parent=1600"}],"wp:term":[{"taxonomy":"product_brand","embeddable":true,"href":"https:\/\/libreriahistoriasdebolsillo.com\/index.php\/wp-json\/wp\/v2\/product_brand?post=1600"},{"taxonomy":"product_cat","embeddable":true,"href":"https:\/\/libreriahistoriasdebolsillo.com\/index.php\/wp-json\/wp\/v2\/product_cat?post=1600"},{"taxonomy":"product_tag","embeddable":true,"href":"https:\/\/libreriahistoriasdebolsillo.com\/index.php\/wp-json\/wp\/v2\/product_tag?post=1600"}],"curies":[{"name":"wp","href":"https:\/\/api.w.org\/{rel}","templated":true}]}}