{"id":1603,"date":"2023-11-23T15:01:58","date_gmt":"2023-11-23T21:01:58","guid":{"rendered":"https:\/\/libreriahistoriasdebolsillo.com\/?post_type=product&#038;p=1603"},"modified":"2025-02-14T15:44:04","modified_gmt":"2025-02-14T21:44:04","slug":"wildcard","status":"publish","type":"product","link":"https:\/\/libreriahistoriasdebolsillo.com\/index.php\/producto\/wildcard\/","title":{"rendered":"Warcross 2. Wildcard"},"content":{"rendered":"<p>HIDEO, es una amenaza para la humanidad.<br \/>\nEMIKA, debe detenerlo bajo cualquier precio.<br \/>\nZERO, ser\u00e1 su \u00fanico aliado.<br \/>\nLa suerte est\u00e1 echada y el premio ser\u00e1 sobrevivir.<br \/>\nEn esta explosiva secuela de<br \/>\nWarcross, Marie Lu entrega un<br \/>\nfinal adictivo que te atrapar\u00e1<br \/>\nhasta la \u00faltima p\u00e1gina. Emika Chen apenas logr\u00f3 salir airosa del Campeonato Internacional de Warcross, y ha perdido a la persona en quien m\u00e1s confiaba.<br \/>\nHideo tiene un plan descabellado: controlar a la humanidad para erradicar<br \/>\nel crimen de la Tierra. Solo Emika<br \/>\npuede detenerlo, pero una nueva amenaza recorre las calles electrizantes de Tokio y ahora su cabeza tiene un precio. Para triunfar deber\u00e1 aceptar la protecci\u00f3n de un aliado implacable: Zero.<br \/>\nEnvuelta en una red de traiciones\u2026<br \/>\n?hasta d\u00f3nde llegar\u00e1 para<br \/>\nderrotar al hombre que ama?<\/p>\n","protected":false},"excerpt":{"rendered":"<p>Marie Lu<\/p>\n","protected":false},"featured_media":1604,"template":"","meta":{"_joinchat":[]},"product_brand":[],"product_cat":[40,52],"product_tag":[48],"class_list":{"0":"post-1603","1":"product","2":"type-product","3":"status-publish","4":"has-post-thumbnail","6":"product_cat-ciencia-ficcion","7":"product_cat-juvenil","8":"product_tag-vr-editoras","10":"first","11":"outofstock","12":"shipping-taxable","13":"purchasable","14":"product-type-simple"},"_links":{"self":[{"href":"https:\/\/libreriahistoriasdebolsillo.com\/index.php\/wp-json\/wp\/v2\/product\/1603","targetHints":{"allow":["GET"]}}],"collection":[{"href":"https:\/\/libreriahistoriasdebolsillo.com\/index.php\/wp-json\/wp\/v2\/product"}],"about":[{"href":"https:\/\/libreriahistoriasdebolsillo.com\/index.php\/wp-json\/wp\/v2\/types\/product"}],"wp:featuredmedia":[{"embeddable":true,"href":"https:\/\/libreriahistoriasdebolsillo.com\/index.php\/wp-json\/wp\/v2\/media\/1604"}],"wp:attachment":[{"href":"https:\/\/libreriahistoriasdebolsillo.com\/index.php\/wp-json\/wp\/v2\/media?parent=1603"}],"wp:term":[{"taxonomy":"product_brand","embeddable":true,"href":"https:\/\/libreriahistoriasdebolsillo.com\/index.php\/wp-json\/wp\/v2\/product_brand?post=1603"},{"taxonomy":"product_cat","embeddable":true,"href":"https:\/\/libreriahistoriasdebolsillo.com\/index.php\/wp-json\/wp\/v2\/product_cat?post=1603"},{"taxonomy":"product_tag","embeddable":true,"href":"https:\/\/libreriahistoriasdebolsillo.com\/index.php\/wp-json\/wp\/v2\/product_tag?post=1603"}],"curies":[{"name":"wp","href":"https:\/\/api.w.org\/{rel}","templated":true}]}}