{"id":1612,"date":"2023-11-23T15:09:48","date_gmt":"2023-11-23T21:09:48","guid":{"rendered":"https:\/\/libreriahistoriasdebolsillo.com\/?post_type=product&#038;p=1612"},"modified":"2025-09-04T13:38:14","modified_gmt":"2025-09-04T19:38:14","slug":"matemagicas-restas","status":"publish","type":"product","link":"https:\/\/libreriahistoriasdebolsillo.com\/index.php\/producto\/matemagicas-restas\/","title":{"rendered":"Matem\u00e1gicas. Restas"},"content":{"rendered":"<p>\u00a1Las matem\u00e1ticas con un toque de magia son mucho m\u00e1s divertidas!<\/p>\n<p>Divertidos juegos matem\u00e1ticos para aprender jugando. Consta de un conjunto de fichas con problemas matem\u00e1ticos cuyo resultado correcto podr\u00e1s comprobar t\u00fa mismo introduciendo la ficha en el contador exterior de la caja.<\/p>\n<p>Revela el resultado de la operaci\u00f3n con ayuda del recuadro negro \u00a1y sorpr\u00e9ndete!<\/p>\n<p>Incluye 42 tarjetas con ejercicios y un marcador borrable.<\/p>\n","protected":false},"excerpt":{"rendered":"<p>\u00a1Las matem\u00e1ticas con un toque de magia son mucho m\u00e1s divertidas! Divertidos juegos matem\u00e1ticos para aprender jugando. Consta de un conjunto de fichas con problemas matem\u00e1ticos cuyo resultado correcto podr\u00e1s comprobar t\u00fa mismo introduciendo la ficha en el contador exterior de la caja. Revela el resultado de la operaci\u00f3n con ayuda del recuadro negro \u00a1y [&hellip;]<\/p>\n","protected":false},"featured_media":1613,"template":"","meta":{"_joinchat":[]},"product_brand":[],"product_cat":[54,41],"product_tag":[48],"class_list":{"0":"post-1612","1":"product","2":"type-product","3":"status-publish","4":"has-post-thumbnail","6":"product_cat-infantil","7":"product_cat-desarrollo-humano","8":"product_tag-vr-editoras","10":"first","11":"instock","12":"shipping-taxable","13":"purchasable","14":"product-type-simple"},"_links":{"self":[{"href":"https:\/\/libreriahistoriasdebolsillo.com\/index.php\/wp-json\/wp\/v2\/product\/1612","targetHints":{"allow":["GET"]}}],"collection":[{"href":"https:\/\/libreriahistoriasdebolsillo.com\/index.php\/wp-json\/wp\/v2\/product"}],"about":[{"href":"https:\/\/libreriahistoriasdebolsillo.com\/index.php\/wp-json\/wp\/v2\/types\/product"}],"wp:featuredmedia":[{"embeddable":true,"href":"https:\/\/libreriahistoriasdebolsillo.com\/index.php\/wp-json\/wp\/v2\/media\/1613"}],"wp:attachment":[{"href":"https:\/\/libreriahistoriasdebolsillo.com\/index.php\/wp-json\/wp\/v2\/media?parent=1612"}],"wp:term":[{"taxonomy":"product_brand","embeddable":true,"href":"https:\/\/libreriahistoriasdebolsillo.com\/index.php\/wp-json\/wp\/v2\/product_brand?post=1612"},{"taxonomy":"product_cat","embeddable":true,"href":"https:\/\/libreriahistoriasdebolsillo.com\/index.php\/wp-json\/wp\/v2\/product_cat?post=1612"},{"taxonomy":"product_tag","embeddable":true,"href":"https:\/\/libreriahistoriasdebolsillo.com\/index.php\/wp-json\/wp\/v2\/product_tag?post=1612"}],"curies":[{"name":"wp","href":"https:\/\/api.w.org\/{rel}","templated":true}]}}