{"id":1625,"date":"2023-11-23T15:16:07","date_gmt":"2023-11-23T21:16:07","guid":{"rendered":"https:\/\/libreriahistoriasdebolsillo.com\/?post_type=product&#038;p=1625"},"modified":"2025-11-20T12:54:36","modified_gmt":"2025-11-20T18:54:36","slug":"el-arte-de-persistir","status":"publish","type":"product","link":"https:\/\/libreriahistoriasdebolsillo.com\/index.php\/producto\/el-arte-de-persistir\/","title":{"rendered":"El arte de persistir"},"content":{"rendered":"<div class=\"woocommerce-tabs wc-tabs-wrapper\">\n<div id=\"tab-description\" class=\"woocommerce-Tabs-panel woocommerce-Tabs-panel--description panel entry-content wc-tab\" role=\"tabpanel\" aria-labelledby=\"tab-title-description\">\n<div class=\"woocommerce-tabs wc-tabs-wrapper\">\n<div id=\"tab-description\" class=\"woocommerce-Tabs-panel woocommerce-Tabs-panel--description panel entry-content wc-tab\" role=\"tabpanel\" aria-labelledby=\"tab-title-description\">\n<p>\u00bfC\u00f3mo reaccionamos ante las dificultades? \u00bfC\u00f3mo afrontamos los cambios y las incertidumbres que se suceden en la vida? \u00bfC\u00f3mo nos afecta lo desconocido? Las actitudes vitales que adoptamos frente a lo inesperado nacen en nuestro cerebro y al mismo tiempo lo condicionan. Son maneras de sentir y de actuar que influyen en la percepci\u00f3n que tenemos de nosotros mismos y en la relaci\u00f3n con los dem\u00e1s. David Bueno, especialista en neuroeducaci\u00f3n, nos ofrece una aventura maravillosa por el interior del cerebro que nos permitir\u00e1 entender c\u00f3mo reaccionamos ante lo imprevisible y nos ayudar\u00e1 a enfocarnos en la clave: la persistencia, la opci\u00f3n proactiva, flexible y din\u00e1mica que mira hacia el futuro.<\/p>\n<p>LA PERSISTENCIA: LA ACTITUD QUE NOS ORIENTA EN UN MUNDO EN CONSTANTE CAMBIO.<\/p>\n<\/div>\n<\/div>\n<section class=\"related products\"><\/section>\n<\/div>\n<\/div>\n","protected":false},"excerpt":{"rendered":"<p>David Bueno<\/p>\n","protected":false},"featured_media":1626,"template":"","meta":{"_joinchat":[]},"product_brand":[],"product_cat":[58,41],"product_tag":[48],"class_list":{"0":"post-1625","1":"product","2":"type-product","3":"status-publish","4":"has-post-thumbnail","6":"product_cat-desarrollo-humano-y-superacion","7":"product_cat-desarrollo-humano","8":"product_tag-vr-editoras","10":"first","11":"outofstock","12":"shipping-taxable","13":"purchasable","14":"product-type-simple"},"_links":{"self":[{"href":"https:\/\/libreriahistoriasdebolsillo.com\/index.php\/wp-json\/wp\/v2\/product\/1625","targetHints":{"allow":["GET"]}}],"collection":[{"href":"https:\/\/libreriahistoriasdebolsillo.com\/index.php\/wp-json\/wp\/v2\/product"}],"about":[{"href":"https:\/\/libreriahistoriasdebolsillo.com\/index.php\/wp-json\/wp\/v2\/types\/product"}],"wp:featuredmedia":[{"embeddable":true,"href":"https:\/\/libreriahistoriasdebolsillo.com\/index.php\/wp-json\/wp\/v2\/media\/1626"}],"wp:attachment":[{"href":"https:\/\/libreriahistoriasdebolsillo.com\/index.php\/wp-json\/wp\/v2\/media?parent=1625"}],"wp:term":[{"taxonomy":"product_brand","embeddable":true,"href":"https:\/\/libreriahistoriasdebolsillo.com\/index.php\/wp-json\/wp\/v2\/product_brand?post=1625"},{"taxonomy":"product_cat","embeddable":true,"href":"https:\/\/libreriahistoriasdebolsillo.com\/index.php\/wp-json\/wp\/v2\/product_cat?post=1625"},{"taxonomy":"product_tag","embeddable":true,"href":"https:\/\/libreriahistoriasdebolsillo.com\/index.php\/wp-json\/wp\/v2\/product_tag?post=1625"}],"curies":[{"name":"wp","href":"https:\/\/api.w.org\/{rel}","templated":true}]}}