{"id":1628,"date":"2023-11-23T15:19:01","date_gmt":"2023-11-23T21:19:01","guid":{"rendered":"https:\/\/libreriahistoriasdebolsillo.com\/?post_type=product&#038;p=1628"},"modified":"2025-02-14T18:18:06","modified_gmt":"2025-02-15T00:18:06","slug":"potencia-tu-mente-en-21-dias","status":"publish","type":"product","link":"https:\/\/libreriahistoriasdebolsillo.com\/index.php\/producto\/potencia-tu-mente-en-21-dias\/","title":{"rendered":"Potencia tu mente en 21 d\u00edas"},"content":{"rendered":"<p>\u00abGracias a este metodo basado en las investigaciones m\u00e1s recientes y perfeccionado con la experiencia de los autores, miles de personas obtienen resultados sorprendentes en los estudios, el trabajo y las relaciones personales. Este manual, lleno de juegos, trucos y test, te permitir\u00e1: Aprender una lengua extranjera sin esfuerzo, mejorar la capacidad de memorizaci\u00f3n, leer m\u00e1s r\u00e1pido.\u00bb<\/p>\n","protected":false},"excerpt":{"rendered":"<p>Giacomo Navone<\/p>\n<p>Massimo De Donno<\/p>\n<p>Luca Lorenzoni<\/p>\n","protected":false},"featured_media":1629,"template":"","meta":{"_joinchat":[]},"product_brand":[],"product_cat":[58,41],"product_tag":[48],"class_list":{"0":"post-1628","1":"product","2":"type-product","3":"status-publish","4":"has-post-thumbnail","6":"product_cat-desarrollo-humano-y-superacion","7":"product_cat-desarrollo-humano","8":"product_tag-vr-editoras","10":"first","11":"outofstock","12":"shipping-taxable","13":"purchasable","14":"product-type-simple"},"_links":{"self":[{"href":"https:\/\/libreriahistoriasdebolsillo.com\/index.php\/wp-json\/wp\/v2\/product\/1628","targetHints":{"allow":["GET"]}}],"collection":[{"href":"https:\/\/libreriahistoriasdebolsillo.com\/index.php\/wp-json\/wp\/v2\/product"}],"about":[{"href":"https:\/\/libreriahistoriasdebolsillo.com\/index.php\/wp-json\/wp\/v2\/types\/product"}],"wp:featuredmedia":[{"embeddable":true,"href":"https:\/\/libreriahistoriasdebolsillo.com\/index.php\/wp-json\/wp\/v2\/media\/1629"}],"wp:attachment":[{"href":"https:\/\/libreriahistoriasdebolsillo.com\/index.php\/wp-json\/wp\/v2\/media?parent=1628"}],"wp:term":[{"taxonomy":"product_brand","embeddable":true,"href":"https:\/\/libreriahistoriasdebolsillo.com\/index.php\/wp-json\/wp\/v2\/product_brand?post=1628"},{"taxonomy":"product_cat","embeddable":true,"href":"https:\/\/libreriahistoriasdebolsillo.com\/index.php\/wp-json\/wp\/v2\/product_cat?post=1628"},{"taxonomy":"product_tag","embeddable":true,"href":"https:\/\/libreriahistoriasdebolsillo.com\/index.php\/wp-json\/wp\/v2\/product_tag?post=1628"}],"curies":[{"name":"wp","href":"https:\/\/api.w.org\/{rel}","templated":true}]}}