{"id":1631,"date":"2023-11-23T15:20:51","date_gmt":"2023-11-23T21:20:51","guid":{"rendered":"https:\/\/libreriahistoriasdebolsillo.com\/?post_type=product&#038;p=1631"},"modified":"2025-02-17T11:02:34","modified_gmt":"2025-02-17T17:02:34","slug":"liberate-del-estres","status":"publish","type":"product","link":"https:\/\/libreriahistoriasdebolsillo.com\/index.php\/producto\/liberate-del-estres\/","title":{"rendered":"Lib\u00e9rate del estr\u00e9s"},"content":{"rendered":"<p>Pensamos en el estr\u00e9s y nos parece un mal inevitable de nuestros tiempos. Pensamos en el exceso de trabajo y en nuestras dificultades para desconectar o relajarnos. Pero este libro quiere romper algunos mitos, quiere ampliar la mirada que tenemos de este problema. Porque el estr\u00e9s no es una enfermedad que tengamos que curar, aunque s\u00ed que es un importante factor de riesgo que puede poner en jaque nuestro sistema inmunitario y acabar desencaden\u00e1ndola.<\/p>\n","protected":false},"excerpt":{"rendered":"<p>Jordi Fern\u00e1ndez Castro<\/p>\n","protected":false},"featured_media":1632,"template":"","meta":{"_joinchat":[]},"product_brand":[],"product_cat":[58,41],"product_tag":[48],"class_list":{"0":"post-1631","1":"product","2":"type-product","3":"status-publish","4":"has-post-thumbnail","6":"product_cat-desarrollo-humano-y-superacion","7":"product_cat-desarrollo-humano","8":"product_tag-vr-editoras","10":"first","11":"outofstock","12":"shipping-taxable","13":"purchasable","14":"product-type-simple"},"_links":{"self":[{"href":"https:\/\/libreriahistoriasdebolsillo.com\/index.php\/wp-json\/wp\/v2\/product\/1631","targetHints":{"allow":["GET"]}}],"collection":[{"href":"https:\/\/libreriahistoriasdebolsillo.com\/index.php\/wp-json\/wp\/v2\/product"}],"about":[{"href":"https:\/\/libreriahistoriasdebolsillo.com\/index.php\/wp-json\/wp\/v2\/types\/product"}],"wp:featuredmedia":[{"embeddable":true,"href":"https:\/\/libreriahistoriasdebolsillo.com\/index.php\/wp-json\/wp\/v2\/media\/1632"}],"wp:attachment":[{"href":"https:\/\/libreriahistoriasdebolsillo.com\/index.php\/wp-json\/wp\/v2\/media?parent=1631"}],"wp:term":[{"taxonomy":"product_brand","embeddable":true,"href":"https:\/\/libreriahistoriasdebolsillo.com\/index.php\/wp-json\/wp\/v2\/product_brand?post=1631"},{"taxonomy":"product_cat","embeddable":true,"href":"https:\/\/libreriahistoriasdebolsillo.com\/index.php\/wp-json\/wp\/v2\/product_cat?post=1631"},{"taxonomy":"product_tag","embeddable":true,"href":"https:\/\/libreriahistoriasdebolsillo.com\/index.php\/wp-json\/wp\/v2\/product_tag?post=1631"}],"curies":[{"name":"wp","href":"https:\/\/api.w.org\/{rel}","templated":true}]}}