{"id":1633,"date":"2023-11-23T15:22:30","date_gmt":"2023-11-23T21:22:30","guid":{"rendered":"https:\/\/libreriahistoriasdebolsillo.com\/?post_type=product&#038;p=1633"},"modified":"2025-06-10T14:08:44","modified_gmt":"2025-06-10T20:08:44","slug":"el-cerebro-autista-el-poder-de-una-mente-distinta","status":"publish","type":"product","link":"https:\/\/libreriahistoriasdebolsillo.com\/index.php\/producto\/el-cerebro-autista-el-poder-de-una-mente-distinta\/","title":{"rendered":"El cerebro autista. El poder de una mente distinta"},"content":{"rendered":"<p>Las personas autistas perciben y entienden el mundo de una manera radicalmente diferente. Los \u00faltimos avances m\u00e9dicos en neuroimagen y gen\u00e9tica nos han acercado a comprender la singular perspectiva de un cerebro autista, pero faltaba una voz autorizada que pudiera aplicar esos conocimientos y explicarlos desde dentro. En este libro \u00fanico, Temple Grandin, profesora universitaria y una de las autistas m\u00e1s famosas del mundo, nos ofrece ese conocimiento desde un punto de vista cient\u00edfico, pero, sobre todo, desde su valiosa experiencia vital.<\/p>\n","protected":false},"excerpt":{"rendered":"<p>Temple Grandin y Richard Panek<\/p>\n","protected":false},"featured_media":1634,"template":"","meta":{"_joinchat":[]},"product_brand":[],"product_cat":[60,41],"product_tag":[48],"class_list":{"0":"post-1633","1":"product","2":"type-product","3":"status-publish","4":"has-post-thumbnail","6":"product_cat-ciencia","7":"product_cat-desarrollo-humano","8":"product_tag-vr-editoras","10":"first","11":"instock","12":"shipping-taxable","13":"purchasable","14":"product-type-simple"},"_links":{"self":[{"href":"https:\/\/libreriahistoriasdebolsillo.com\/index.php\/wp-json\/wp\/v2\/product\/1633","targetHints":{"allow":["GET"]}}],"collection":[{"href":"https:\/\/libreriahistoriasdebolsillo.com\/index.php\/wp-json\/wp\/v2\/product"}],"about":[{"href":"https:\/\/libreriahistoriasdebolsillo.com\/index.php\/wp-json\/wp\/v2\/types\/product"}],"wp:featuredmedia":[{"embeddable":true,"href":"https:\/\/libreriahistoriasdebolsillo.com\/index.php\/wp-json\/wp\/v2\/media\/1634"}],"wp:attachment":[{"href":"https:\/\/libreriahistoriasdebolsillo.com\/index.php\/wp-json\/wp\/v2\/media?parent=1633"}],"wp:term":[{"taxonomy":"product_brand","embeddable":true,"href":"https:\/\/libreriahistoriasdebolsillo.com\/index.php\/wp-json\/wp\/v2\/product_brand?post=1633"},{"taxonomy":"product_cat","embeddable":true,"href":"https:\/\/libreriahistoriasdebolsillo.com\/index.php\/wp-json\/wp\/v2\/product_cat?post=1633"},{"taxonomy":"product_tag","embeddable":true,"href":"https:\/\/libreriahistoriasdebolsillo.com\/index.php\/wp-json\/wp\/v2\/product_tag?post=1633"}],"curies":[{"name":"wp","href":"https:\/\/api.w.org\/{rel}","templated":true}]}}