{"id":1635,"date":"2023-11-23T15:24:07","date_gmt":"2023-11-23T21:24:07","guid":{"rendered":"https:\/\/libreriahistoriasdebolsillo.com\/?post_type=product&#038;p=1635"},"modified":"2024-05-03T16:17:43","modified_gmt":"2024-05-03T22:17:43","slug":"soy-lo-mejor-que-me-ha-pasado-el-arte-de-aprender-a-ser-y-a-estar-feliz","status":"publish","type":"product","link":"https:\/\/libreriahistoriasdebolsillo.com\/index.php\/producto\/soy-lo-mejor-que-me-ha-pasado-el-arte-de-aprender-a-ser-y-a-estar-feliz\/","title":{"rendered":"Soy lo mejor que me ha pasado. El arte de aprender a ser y a estar feliz"},"content":{"rendered":"<p>Qui\u00e9rete tanto como a la persona a quien m\u00e1s amas. Esa es la base para lograr una autoestima s\u00f3lida a prueba de problemas y enemigos. Parece sencillo, pero a veces se nos olvida que somos lo mejor que tenemos. Por esa raz\u00f3n, Rosetta Forner re\u00fane en este libro unos breves pero poderosos consejos que te ayudan a dejar atr\u00e1s tus miedos y complejos, a no depender de nadie ni de nada, a demostrar p\u00fablicamente que eres una persona \u00fanica y, sobre todo, a tener una vida m\u00e1s plena y feliz.<\/p>\n","protected":false},"excerpt":{"rendered":"<p>Rosetta Forner<\/p>\n","protected":false},"featured_media":1636,"template":"","meta":{"_joinchat":[]},"product_brand":[],"product_cat":[58,41],"product_tag":[48],"class_list":{"0":"post-1635","1":"product","2":"type-product","3":"status-publish","4":"has-post-thumbnail","6":"product_cat-desarrollo-humano-y-superacion","7":"product_cat-desarrollo-humano","8":"product_tag-vr-editoras","10":"first","11":"outofstock","12":"shipping-taxable","13":"purchasable","14":"product-type-simple"},"_links":{"self":[{"href":"https:\/\/libreriahistoriasdebolsillo.com\/index.php\/wp-json\/wp\/v2\/product\/1635","targetHints":{"allow":["GET"]}}],"collection":[{"href":"https:\/\/libreriahistoriasdebolsillo.com\/index.php\/wp-json\/wp\/v2\/product"}],"about":[{"href":"https:\/\/libreriahistoriasdebolsillo.com\/index.php\/wp-json\/wp\/v2\/types\/product"}],"wp:featuredmedia":[{"embeddable":true,"href":"https:\/\/libreriahistoriasdebolsillo.com\/index.php\/wp-json\/wp\/v2\/media\/1636"}],"wp:attachment":[{"href":"https:\/\/libreriahistoriasdebolsillo.com\/index.php\/wp-json\/wp\/v2\/media?parent=1635"}],"wp:term":[{"taxonomy":"product_brand","embeddable":true,"href":"https:\/\/libreriahistoriasdebolsillo.com\/index.php\/wp-json\/wp\/v2\/product_brand?post=1635"},{"taxonomy":"product_cat","embeddable":true,"href":"https:\/\/libreriahistoriasdebolsillo.com\/index.php\/wp-json\/wp\/v2\/product_cat?post=1635"},{"taxonomy":"product_tag","embeddable":true,"href":"https:\/\/libreriahistoriasdebolsillo.com\/index.php\/wp-json\/wp\/v2\/product_tag?post=1635"}],"curies":[{"name":"wp","href":"https:\/\/api.w.org\/{rel}","templated":true}]}}