{"id":1649,"date":"2023-11-23T16:01:55","date_gmt":"2023-11-23T22:01:55","guid":{"rendered":"https:\/\/libreriahistoriasdebolsillo.com\/?post_type=product&#038;p=1649"},"modified":"2023-11-29T17:54:38","modified_gmt":"2023-11-29T23:54:38","slug":"estas-brujas-no-arden","status":"publish","type":"product","link":"https:\/\/libreriahistoriasdebolsillo.com\/index.php\/producto\/estas-brujas-no-arden\/","title":{"rendered":"Estas brujas no arden"},"content":{"rendered":"<p><strong>HANNAH ES UNA BRUJA, PERO NO DE LAS QUE TE IMAGINAS\u2026<\/strong><\/p>\n<p>En su vida hay pocos \u201chocus pocus\u201d, y mucho evitar a la chica que le rompi\u00f3 el coraz\u00f3n y vender chucher\u00edas en una tienda de art\u00edculos m\u00e1gicos.<\/p>\n<p>Cuando un rito de magia negra arruina la fiesta de fin de a\u00f1o de su colegio, Hannah y su fastidiosa ex, Veronica, temen lo peor: hay una bruja de sangre en el pueblo y quiere destruirlas.<\/p>\n<p>Su aquelarre no parece creerles, as\u00ed que las chicas deber\u00e1n formar el equipo menos pensado si desean salvar sus vidas y las de todos a quienes aman.<\/p>\n<p><strong>Pero en la m\u00edtica Salem tus poderes deben permanecer ocultos.<\/strong><\/p>\n<p><strong>SI NO QUIERES QUE EL MUNDO ARDA<\/strong><\/p>\n","protected":false},"excerpt":{"rendered":"<p>Isabel Sterling<\/p>\n","protected":false},"featured_media":1651,"template":"","meta":{"_joinchat":[]},"product_brand":[],"product_cat":[39,52,38],"product_tag":[48],"class_list":{"0":"post-1649","1":"product","2":"type-product","3":"status-publish","4":"has-post-thumbnail","6":"product_cat-fantasia","7":"product_cat-juvenil","8":"product_cat-lgbtq","9":"product_tag-vr-editoras","11":"first","12":"instock","13":"shipping-taxable","14":"purchasable","15":"product-type-simple"},"_links":{"self":[{"href":"https:\/\/libreriahistoriasdebolsillo.com\/index.php\/wp-json\/wp\/v2\/product\/1649","targetHints":{"allow":["GET"]}}],"collection":[{"href":"https:\/\/libreriahistoriasdebolsillo.com\/index.php\/wp-json\/wp\/v2\/product"}],"about":[{"href":"https:\/\/libreriahistoriasdebolsillo.com\/index.php\/wp-json\/wp\/v2\/types\/product"}],"wp:featuredmedia":[{"embeddable":true,"href":"https:\/\/libreriahistoriasdebolsillo.com\/index.php\/wp-json\/wp\/v2\/media\/1651"}],"wp:attachment":[{"href":"https:\/\/libreriahistoriasdebolsillo.com\/index.php\/wp-json\/wp\/v2\/media?parent=1649"}],"wp:term":[{"taxonomy":"product_brand","embeddable":true,"href":"https:\/\/libreriahistoriasdebolsillo.com\/index.php\/wp-json\/wp\/v2\/product_brand?post=1649"},{"taxonomy":"product_cat","embeddable":true,"href":"https:\/\/libreriahistoriasdebolsillo.com\/index.php\/wp-json\/wp\/v2\/product_cat?post=1649"},{"taxonomy":"product_tag","embeddable":true,"href":"https:\/\/libreriahistoriasdebolsillo.com\/index.php\/wp-json\/wp\/v2\/product_tag?post=1649"}],"curies":[{"name":"wp","href":"https:\/\/api.w.org\/{rel}","templated":true}]}}