{"id":1655,"date":"2023-11-23T16:06:58","date_gmt":"2023-11-23T22:06:58","guid":{"rendered":"https:\/\/libreriahistoriasdebolsillo.com\/?post_type=product&#038;p=1655"},"modified":"2025-03-27T16:34:34","modified_gmt":"2025-03-27T22:34:34","slug":"hasta-que-la-boda-nos-separe","status":"publish","type":"product","link":"https:\/\/libreriahistoriasdebolsillo.com\/index.php\/producto\/hasta-que-la-boda-nos-separe\/","title":{"rendered":"Hasta que la boda nos separe"},"content":{"rendered":"<p>EST\u00c1N CORDIALMENTE INVITADAS A LA BODA M\u00c1S DESATROSA DEL A\u00d1O<\/p>\n<p>\u00bfUna organizadora de bodas plantada en el altar?<\/p>\n<p>S\u00ed, Lina sabe lo ir\u00f3nico que es eso. Sin embargo, a pesar de ese bochornoso episodio, ha logrado que muchas parejas pasen del \u201cTe quiero\u201d al \u201cS\u00ed, quiero\u201d. Ahora un prestigioso hotel le ofrece una oportunidad que podr\u00eda llevar su carrera al siguiente nivel. Solo deber\u00e1 trabajar en equipo con el casi-padrino de su casi-boda.<br \/>\nMax Hartley, por su parte, est\u00e1 cansado de vivir a la sombra de su hermano y est\u00e1 dispuesto a darlo todo para demostrarle a la directora del hotel que es un experto en marketing. Hasta que descubre que deber\u00e1 trabajar con Lina, una mujer inteligente, asombrosa y que lo odia.<br \/>\nSi logran sobrevivir las pr\u00f3ximas semanas y hacer una presentaci\u00f3n impactante, los dos saldr\u00e1n ganando. Y aunque Lina est\u00e9 dispuesta a vengarse de \u00e9l por haber convencido a su prometido de que la dejara plantada en el altar, quiz\u00e1 la animosidad no sea la \u00fanica emoci\u00f3n que haga saltar chispas entre ellos.<\/p>\n","protected":false},"excerpt":{"rendered":"<p>Mia Sosa<\/p>\n","protected":false},"featured_media":1657,"template":"","meta":{"_joinchat":[]},"product_brand":[],"product_cat":[35],"product_tag":[48],"class_list":{"0":"post-1655","1":"product","2":"type-product","3":"status-publish","4":"has-post-thumbnail","6":"product_cat-romantica","7":"product_tag-vr-editoras","9":"first","10":"instock","11":"shipping-taxable","12":"purchasable","13":"product-type-simple"},"_links":{"self":[{"href":"https:\/\/libreriahistoriasdebolsillo.com\/index.php\/wp-json\/wp\/v2\/product\/1655","targetHints":{"allow":["GET"]}}],"collection":[{"href":"https:\/\/libreriahistoriasdebolsillo.com\/index.php\/wp-json\/wp\/v2\/product"}],"about":[{"href":"https:\/\/libreriahistoriasdebolsillo.com\/index.php\/wp-json\/wp\/v2\/types\/product"}],"wp:featuredmedia":[{"embeddable":true,"href":"https:\/\/libreriahistoriasdebolsillo.com\/index.php\/wp-json\/wp\/v2\/media\/1657"}],"wp:attachment":[{"href":"https:\/\/libreriahistoriasdebolsillo.com\/index.php\/wp-json\/wp\/v2\/media?parent=1655"}],"wp:term":[{"taxonomy":"product_brand","embeddable":true,"href":"https:\/\/libreriahistoriasdebolsillo.com\/index.php\/wp-json\/wp\/v2\/product_brand?post=1655"},{"taxonomy":"product_cat","embeddable":true,"href":"https:\/\/libreriahistoriasdebolsillo.com\/index.php\/wp-json\/wp\/v2\/product_cat?post=1655"},{"taxonomy":"product_tag","embeddable":true,"href":"https:\/\/libreriahistoriasdebolsillo.com\/index.php\/wp-json\/wp\/v2\/product_tag?post=1655"}],"curies":[{"name":"wp","href":"https:\/\/api.w.org\/{rel}","templated":true}]}}