{"id":1664,"date":"2023-11-23T17:13:44","date_gmt":"2023-11-23T23:13:44","guid":{"rendered":"https:\/\/libreriahistoriasdebolsillo.com\/?post_type=product&#038;p=1664"},"modified":"2026-04-16T10:10:46","modified_gmt":"2026-04-16T16:10:46","slug":"catedrales","status":"publish","type":"product","link":"https:\/\/libreriahistoriasdebolsillo.com\/index.php\/producto\/catedrales\/","title":{"rendered":"Catedrales"},"content":{"rendered":"<p>Hace treinta a\u00f1os, en un terreno bald\u00edo de un barrio tranquilo, apareci\u00f3 descuartizado y quemado el cad\u00e1ver de una adolescente. La\u00a0<b>investigaci\u00f3n\u00a0<\/b>se cerr\u00f3 sin culpables y su familia -de clase media educada, formal y cat\u00f3lica- silenciosamente se fue resquebrajando. Pero, pasado ese largo tiempo, la verdad oculta saldr\u00e1 a la luz gracias al persistente amor del padre de la v\u00edctima. Esa verdad mostrar\u00e1 con crudeza lo que se esconde detr\u00e1s de las apariencias; la crueldad a la que pueden llevar la obediencia y el\u00a0<b>fanatismo religioso<\/b>; la complicidad de los temerosos e indiferentes, y tambi\u00e9n, la soledad y el desvalimiento de quienes se animan a seguir su propio camino, ignorando mandatos heredados.<\/p>\n<p>Como en\u00a0<i>Las viudas de los jueves,\u00a0<\/i>en\u00a0<i>Elena sabe\u00a0<\/i>y en<i>\u00a0Una suerte peque\u00f1a,\u00a0<\/i>Claudia Pi\u00f1eiro ahonda con maestr\u00eda en los lazos familiares, en los prejuicios sociales y en las ideolog\u00edas e instituciones que marcan los mundos privados, y nos entrega una novela conmovedora y valiente, certera como una flecha clavada en el coraz\u00f3n de este drama secreto.<\/p>\n","protected":false},"excerpt":{"rendered":"<p>Claudia Pi\u00f1eiro<\/p>\n","protected":false},"featured_media":1665,"template":"","meta":{"_joinchat":[]},"product_brand":[],"product_cat":[37],"product_tag":[34],"class_list":{"0":"post-1664","1":"product","2":"type-product","3":"status-publish","4":"has-post-thumbnail","6":"product_cat-misterio-y-thriller","7":"product_tag-penguin-random-house","9":"first","10":"instock","11":"sale","12":"shipping-taxable","13":"purchasable","14":"product-type-simple"},"_links":{"self":[{"href":"https:\/\/libreriahistoriasdebolsillo.com\/index.php\/wp-json\/wp\/v2\/product\/1664","targetHints":{"allow":["GET"]}}],"collection":[{"href":"https:\/\/libreriahistoriasdebolsillo.com\/index.php\/wp-json\/wp\/v2\/product"}],"about":[{"href":"https:\/\/libreriahistoriasdebolsillo.com\/index.php\/wp-json\/wp\/v2\/types\/product"}],"wp:featuredmedia":[{"embeddable":true,"href":"https:\/\/libreriahistoriasdebolsillo.com\/index.php\/wp-json\/wp\/v2\/media\/1665"}],"wp:attachment":[{"href":"https:\/\/libreriahistoriasdebolsillo.com\/index.php\/wp-json\/wp\/v2\/media?parent=1664"}],"wp:term":[{"taxonomy":"product_brand","embeddable":true,"href":"https:\/\/libreriahistoriasdebolsillo.com\/index.php\/wp-json\/wp\/v2\/product_brand?post=1664"},{"taxonomy":"product_cat","embeddable":true,"href":"https:\/\/libreriahistoriasdebolsillo.com\/index.php\/wp-json\/wp\/v2\/product_cat?post=1664"},{"taxonomy":"product_tag","embeddable":true,"href":"https:\/\/libreriahistoriasdebolsillo.com\/index.php\/wp-json\/wp\/v2\/product_tag?post=1664"}],"curies":[{"name":"wp","href":"https:\/\/api.w.org\/{rel}","templated":true}]}}