{"id":1666,"date":"2023-11-23T17:15:50","date_gmt":"2023-11-23T23:15:50","guid":{"rendered":"https:\/\/libreriahistoriasdebolsillo.com\/?post_type=product&#038;p=1666"},"modified":"2025-01-18T19:03:50","modified_gmt":"2025-01-19T01:03:50","slug":"un-sueno-sello-mi-espiritu","status":"publish","type":"product","link":"https:\/\/libreriahistoriasdebolsillo.com\/index.php\/producto\/un-sueno-sello-mi-espiritu\/","title":{"rendered":"Un sue\u00f1o sell\u00f3 mi esp\u00edritu"},"content":{"rendered":"<p><b>El romanticismo ingl\u00e9s llega a \u00abPoes\u00eda Port\u00e1til\u00bb con\u00a0<\/b><i><b>Un sue\u00f1o sell\u00f3 mi esp\u00edritu<\/b><\/i><b>, una antolog\u00eda que re\u00fane los versos m\u00e1s representativos de Wordsworth, Coleridge, Byron, Shelley y Keats.<\/b><\/p>\n<p>El romanticismo ingl\u00e9s revolucion\u00f3 la forma de escribir poes\u00eda y dio luz a algunos de los grandes autores de todos los tiempos. Wordsworth, Coleridge, Byron, Shelley y Keats son estandartes de un periodo que abri\u00f3 un mundo nuevo.<\/p>\n<p>Con traducci\u00f3n de Gonzalo Torn\u00e9, esta antolog\u00eda acerca al lector a sus sensuales meditaciones sobre el paso del tiempo, sus cantos a la juventud y sus odas a&#8230;<\/p>\n","protected":false},"excerpt":{"rendered":"<p>Varios Autores<\/p>\n","protected":false},"featured_media":1667,"template":"","meta":{"_joinchat":[]},"product_brand":[],"product_cat":[33,65],"product_tag":[34],"class_list":{"0":"post-1666","1":"product","2":"type-product","3":"status-publish","4":"has-post-thumbnail","6":"product_cat-ficcion-general","7":"product_cat-poesia","8":"product_tag-penguin-random-house","10":"first","11":"outofstock","12":"shipping-taxable","13":"purchasable","14":"product-type-simple"},"_links":{"self":[{"href":"https:\/\/libreriahistoriasdebolsillo.com\/index.php\/wp-json\/wp\/v2\/product\/1666","targetHints":{"allow":["GET"]}}],"collection":[{"href":"https:\/\/libreriahistoriasdebolsillo.com\/index.php\/wp-json\/wp\/v2\/product"}],"about":[{"href":"https:\/\/libreriahistoriasdebolsillo.com\/index.php\/wp-json\/wp\/v2\/types\/product"}],"wp:featuredmedia":[{"embeddable":true,"href":"https:\/\/libreriahistoriasdebolsillo.com\/index.php\/wp-json\/wp\/v2\/media\/1667"}],"wp:attachment":[{"href":"https:\/\/libreriahistoriasdebolsillo.com\/index.php\/wp-json\/wp\/v2\/media?parent=1666"}],"wp:term":[{"taxonomy":"product_brand","embeddable":true,"href":"https:\/\/libreriahistoriasdebolsillo.com\/index.php\/wp-json\/wp\/v2\/product_brand?post=1666"},{"taxonomy":"product_cat","embeddable":true,"href":"https:\/\/libreriahistoriasdebolsillo.com\/index.php\/wp-json\/wp\/v2\/product_cat?post=1666"},{"taxonomy":"product_tag","embeddable":true,"href":"https:\/\/libreriahistoriasdebolsillo.com\/index.php\/wp-json\/wp\/v2\/product_tag?post=1666"}],"curies":[{"name":"wp","href":"https:\/\/api.w.org\/{rel}","templated":true}]}}