{"id":1670,"date":"2023-11-23T17:20:29","date_gmt":"2023-11-23T23:20:29","guid":{"rendered":"https:\/\/libreriahistoriasdebolsillo.com\/?post_type=product&#038;p=1670"},"modified":"2025-03-27T16:34:39","modified_gmt":"2025-03-27T22:34:39","slug":"el-psicoanalista-en-la-mira-el-psicoanalista-3","status":"publish","type":"product","link":"https:\/\/libreriahistoriasdebolsillo.com\/index.php\/producto\/el-psicoanalista-en-la-mira-el-psicoanalista-3\/","title":{"rendered":"El Psicoanalista 3. En la mira"},"content":{"rendered":"<p><b>LA TERCERA ENTREGA DE LA SAGA DE EL PSICOANALISTA , EL THRILLER PSICOL\u00d3GICO QUE CAMBI\u00d3 LAS REGLAS DEL JUEGO.<\/b><\/p>\n<p>La vida del doctor\u00a0<b>Ricky Starks\u00a0<\/b>est\u00e1 marcada por una oscuridad persistente. Quince a\u00f1os han pasado desde que sufriera el primer ataque de una familia de psic\u00f3patas.<\/p>\n<p>En dos ocasiones, Starks ha logrado escapar de las garras mortales de esta familia, incluso presenciando la muerte de uno de ellos. Sin embargo, la sombra de la tragedia se cierne de nuevo sobre \u00e9l cuando un detective lo contacta para informarle que uno de sus pacientes se ha suicidado.<\/p>\n<p>\u00bfEstar\u00e1ndetr\u00e1s del extra\u00f1o incidente Merlin y Virgil, los retorcidos hermanos del fallecido\u00a0<b>Rumpelstiltskin<\/b>? Muy pronto los acontecimientos se desbocan y el psicoanalista, acostumbrado a ser un salvavidas para quienes luchan contra los demonios de su mente, intentar\u00e1 salvarse a s\u00ed mismo.<\/p>\n","protected":false},"excerpt":{"rendered":"<p>John Katzenbach<\/p>\n","protected":false},"featured_media":1673,"template":"","meta":{"_joinchat":[]},"product_brand":[],"product_cat":[37],"product_tag":[34],"class_list":{"0":"post-1670","1":"product","2":"type-product","3":"status-publish","4":"has-post-thumbnail","6":"product_cat-misterio-y-thriller","7":"product_tag-penguin-random-house","9":"first","10":"outofstock","11":"shipping-taxable","12":"purchasable","13":"product-type-simple"},"_links":{"self":[{"href":"https:\/\/libreriahistoriasdebolsillo.com\/index.php\/wp-json\/wp\/v2\/product\/1670","targetHints":{"allow":["GET"]}}],"collection":[{"href":"https:\/\/libreriahistoriasdebolsillo.com\/index.php\/wp-json\/wp\/v2\/product"}],"about":[{"href":"https:\/\/libreriahistoriasdebolsillo.com\/index.php\/wp-json\/wp\/v2\/types\/product"}],"wp:featuredmedia":[{"embeddable":true,"href":"https:\/\/libreriahistoriasdebolsillo.com\/index.php\/wp-json\/wp\/v2\/media\/1673"}],"wp:attachment":[{"href":"https:\/\/libreriahistoriasdebolsillo.com\/index.php\/wp-json\/wp\/v2\/media?parent=1670"}],"wp:term":[{"taxonomy":"product_brand","embeddable":true,"href":"https:\/\/libreriahistoriasdebolsillo.com\/index.php\/wp-json\/wp\/v2\/product_brand?post=1670"},{"taxonomy":"product_cat","embeddable":true,"href":"https:\/\/libreriahistoriasdebolsillo.com\/index.php\/wp-json\/wp\/v2\/product_cat?post=1670"},{"taxonomy":"product_tag","embeddable":true,"href":"https:\/\/libreriahistoriasdebolsillo.com\/index.php\/wp-json\/wp\/v2\/product_tag?post=1670"}],"curies":[{"name":"wp","href":"https:\/\/api.w.org\/{rel}","templated":true}]}}