{"id":1686,"date":"2023-11-24T12:01:46","date_gmt":"2023-11-24T18:01:46","guid":{"rendered":"https:\/\/libreriahistoriasdebolsillo.com\/?post_type=product&#038;p=1686"},"modified":"2024-07-01T15:08:22","modified_gmt":"2024-07-01T21:08:22","slug":"la-musa-de-las-pesadillas-el-sonador-desconocido-2","status":"publish","type":"product","link":"https:\/\/libreriahistoriasdebolsillo.com\/index.php\/producto\/la-musa-de-las-pesadillas-el-sonador-desconocido-2\/","title":{"rendered":"El so\u00f1ador desconocido 2. La musa de las pesadillas"},"content":{"rendered":"<p>Sus\u00a0<b>pesadillas\u00a0<\/b>eran tan\u00a0<b>v\u00edvidas\u00a0<\/b>que casi pod\u00eda respirarlas. Ning\u00fan\u00a0<b>horror\u00a0<\/b>escapaba a su experiencia, ya nada la sorprend\u00eda, pero&#8230; cu\u00e1n equivocada estaba.<\/p>\n<p>En el despertar de la tragedia, ni Lazlo ni Sarai son quienes sol\u00edan ser. Uno,\u00a0<b>deidad<\/b>; el otro,\u00a0<b>fantasma<\/b>: ambos luchan por comprender el alcance de los l\u00edmites propios de su condici\u00f3n, que antes desconoc\u00edan,pues la mente oscura de Minya los mantiene rehenes, en su intento de\u00a0<b>venganza\u00a0<\/b>contra Weep. Lazlo se enfrenta a una decisi\u00f3n impensable:\u00a0<b>\u00bfsalvar a la mujer que ama, o al resto del mundo?\u00a0<\/b>Mientras tanto, Sarai se siente m\u00e1s indefensa que nunca. Pero \u00bfen verdad lo est\u00e1? A veces, s\u00f3lo la m\u00e1s terrible necesidad puede ense\u00f1arnos la magnitud de nuestra propia fortaleza, y Sarai, la musa de las pesadillas, a\u00fan no ha descubierto de qu\u00e9 es capaz.<\/p>\n<p>Mientras humanos y engendros divinos se tambalean tras la ca\u00edda de la ciudadela, un nuevo\u00a0<b>enemigo\u00a0<\/b>echa por tierra sus fr\u00e1giles esperanzas, y los misterios de los mesarthim recobran su vigencia: \u00bfde d\u00f3nde han venido los dioses y por qu\u00e9 motivo? \u00bfQu\u00e9 pas\u00f3 con los miles de ni\u00f1os nacidos en el cunero de la ciudadela? Y lo m\u00e1s importante de todo: a medida que las puertas olvidadas se abren y se revelan nuevos mundos: \u00bfdeben los h\u00e9roes acabar necesariamente con los monstruos o es posible salvarlos?<\/p>\n","protected":false},"excerpt":{"rendered":"<p>Laini Taylor<\/p>\n","protected":false},"featured_media":1687,"template":"","meta":{"_joinchat":[]},"product_brand":[],"product_cat":[39,52,51],"product_tag":[34],"class_list":{"0":"post-1686","1":"product","2":"type-product","3":"status-publish","4":"has-post-thumbnail","6":"product_cat-fantasia","7":"product_cat-juvenil","8":"product_cat-oferta","9":"product_tag-penguin-random-house","11":"first","12":"outofstock","13":"sale","14":"shipping-taxable","15":"purchasable","16":"product-type-simple"},"_links":{"self":[{"href":"https:\/\/libreriahistoriasdebolsillo.com\/index.php\/wp-json\/wp\/v2\/product\/1686","targetHints":{"allow":["GET"]}}],"collection":[{"href":"https:\/\/libreriahistoriasdebolsillo.com\/index.php\/wp-json\/wp\/v2\/product"}],"about":[{"href":"https:\/\/libreriahistoriasdebolsillo.com\/index.php\/wp-json\/wp\/v2\/types\/product"}],"wp:featuredmedia":[{"embeddable":true,"href":"https:\/\/libreriahistoriasdebolsillo.com\/index.php\/wp-json\/wp\/v2\/media\/1687"}],"wp:attachment":[{"href":"https:\/\/libreriahistoriasdebolsillo.com\/index.php\/wp-json\/wp\/v2\/media?parent=1686"}],"wp:term":[{"taxonomy":"product_brand","embeddable":true,"href":"https:\/\/libreriahistoriasdebolsillo.com\/index.php\/wp-json\/wp\/v2\/product_brand?post=1686"},{"taxonomy":"product_cat","embeddable":true,"href":"https:\/\/libreriahistoriasdebolsillo.com\/index.php\/wp-json\/wp\/v2\/product_cat?post=1686"},{"taxonomy":"product_tag","embeddable":true,"href":"https:\/\/libreriahistoriasdebolsillo.com\/index.php\/wp-json\/wp\/v2\/product_tag?post=1686"}],"curies":[{"name":"wp","href":"https:\/\/api.w.org\/{rel}","templated":true}]}}