{"id":1699,"date":"2023-11-24T12:28:34","date_gmt":"2023-11-24T18:28:34","guid":{"rendered":"https:\/\/libreriahistoriasdebolsillo.com\/?post_type=product&#038;p=1699"},"modified":"2024-04-30T17:47:47","modified_gmt":"2024-04-30T23:47:47","slug":"las-huellas-del-silencio","status":"publish","type":"product","link":"https:\/\/libreriahistoriasdebolsillo.com\/index.php\/producto\/las-huellas-del-silencio\/","title":{"rendered":"Las huellas del silencio"},"content":{"rendered":"<p><b>Una sobrecogedora historia de poder, corrupci\u00f3n, mentiras, autoenga\u00f1os y los abusos de la Iglesia cat\u00f3lica, por el aclamado autor de<\/b><i><b>\u00a0El ni\u00f1o con el pijama de rayas<\/b><\/i><b>.<\/b><\/p>\n<p><b>Irlanda, 1970<\/b>. Tras una tragedia familiar y debido al s\u00fabito fervor religioso de su doliente madre, Odran Yates se ve obligado a ordenarse sacerdote, por lo que, a los 17 a\u00f1os, entra en el seminario de Clonliffe aceptando la vocaci\u00f3n que otros han escogido para \u00e9l.<\/p>\n<p>Cuatro d\u00e9cadas despu\u00e9s, la devoci\u00f3n de Odran se resquebraja por las revelaciones que est\u00e1n destruyendo la fe del pueblo irland\u00e9s a partir de un esc\u00e1ndalo de abusos sexuales. Muchos de sus compa\u00f1eros sacerdotes acaban encarcelados, y las vidas de los j\u00f3venes feligreses, destruidas.<\/p>\n<p>Cuando un evento familiar reabre las heridas del pasado, Odran se ve obligado a enfrentarse a los demonios desatados en el seno de la Iglesia y a reconocer su complicidad en esos hechos.<\/p>\n","protected":false},"excerpt":{"rendered":"<p>John Boyne<\/p>\n","protected":false},"featured_media":1701,"template":"","meta":{"_joinchat":[]},"product_brand":[],"product_cat":[33,51],"product_tag":[34],"class_list":{"0":"post-1699","1":"product","2":"type-product","3":"status-publish","4":"has-post-thumbnail","6":"product_cat-ficcion-general","7":"product_cat-oferta","8":"product_tag-penguin-random-house","10":"first","11":"outofstock","12":"sale","13":"shipping-taxable","14":"purchasable","15":"product-type-simple"},"_links":{"self":[{"href":"https:\/\/libreriahistoriasdebolsillo.com\/index.php\/wp-json\/wp\/v2\/product\/1699","targetHints":{"allow":["GET"]}}],"collection":[{"href":"https:\/\/libreriahistoriasdebolsillo.com\/index.php\/wp-json\/wp\/v2\/product"}],"about":[{"href":"https:\/\/libreriahistoriasdebolsillo.com\/index.php\/wp-json\/wp\/v2\/types\/product"}],"wp:featuredmedia":[{"embeddable":true,"href":"https:\/\/libreriahistoriasdebolsillo.com\/index.php\/wp-json\/wp\/v2\/media\/1701"}],"wp:attachment":[{"href":"https:\/\/libreriahistoriasdebolsillo.com\/index.php\/wp-json\/wp\/v2\/media?parent=1699"}],"wp:term":[{"taxonomy":"product_brand","embeddable":true,"href":"https:\/\/libreriahistoriasdebolsillo.com\/index.php\/wp-json\/wp\/v2\/product_brand?post=1699"},{"taxonomy":"product_cat","embeddable":true,"href":"https:\/\/libreriahistoriasdebolsillo.com\/index.php\/wp-json\/wp\/v2\/product_cat?post=1699"},{"taxonomy":"product_tag","embeddable":true,"href":"https:\/\/libreriahistoriasdebolsillo.com\/index.php\/wp-json\/wp\/v2\/product_tag?post=1699"}],"curies":[{"name":"wp","href":"https:\/\/api.w.org\/{rel}","templated":true}]}}