{"id":1702,"date":"2023-11-24T12:31:43","date_gmt":"2023-11-24T18:31:43","guid":{"rendered":"https:\/\/libreriahistoriasdebolsillo.com\/?post_type=product&#038;p=1702"},"modified":"2024-10-15T11:25:59","modified_gmt":"2024-10-15T17:25:59","slug":"mundo-sin-dioses-2-la-razon-y-la-ira","status":"publish","type":"product","link":"https:\/\/libreriahistoriasdebolsillo.com\/index.php\/producto\/mundo-sin-dioses-2-la-razon-y-la-ira\/","title":{"rendered":"Mundo sin dioses 2. La raz\u00f3n y la ira"},"content":{"rendered":"<p><strong>La justicia es para aquellos que se han atrevido a ser valientes<\/strong><\/p>\n<p>Han llegado nuevos d\u00edas para Sognum. Milka y el guerrero Suuri buscan un mejor futuro y una vida m\u00e1s digna para su gente. El matem\u00e1tico, Azur Bann\u00e1, dedicar\u00e1 sus d\u00edas a saber la historia de quienes desconocen su pasado. Rovier Dangar desea acabar con su \u00faltima misi\u00f3n para ser un ciudadano libre, como la ciudad en la que ahora se encuentra. Mientras que Miranda, Yago y Ober\u00f3n han encontrado un nuevo hogar y personas a las que pueden llamar familia.<\/p>\n<p>S\u00f3lo queda un asunto pendiente para decidir el destino de Sognum: el juicio de su antiguo amo. Aka Ili\u00f3n deber\u00e1 enfrentar a un pueblo iracundo que clama por su sangre. Pero la raz\u00f3n deber\u00e1 ser la aliada de la justicia, si lo que buscan es un nuevo orden en el que los valientes sean quienes gobiernen.<\/p>\n","protected":false},"excerpt":{"rendered":"<p>Benito Taibo<\/p>\n","protected":false},"featured_media":1703,"template":"","meta":{"_joinchat":[]},"product_brand":[],"product_cat":[39,54,52,51],"product_tag":[45],"class_list":{"0":"post-1702","1":"product","2":"type-product","3":"status-publish","4":"has-post-thumbnail","6":"product_cat-fantasia","7":"product_cat-infantil","8":"product_cat-juvenil","9":"product_cat-oferta","10":"product_tag-planeta","12":"first","13":"outofstock","14":"shipping-taxable","15":"purchasable","16":"product-type-simple"},"_links":{"self":[{"href":"https:\/\/libreriahistoriasdebolsillo.com\/index.php\/wp-json\/wp\/v2\/product\/1702","targetHints":{"allow":["GET"]}}],"collection":[{"href":"https:\/\/libreriahistoriasdebolsillo.com\/index.php\/wp-json\/wp\/v2\/product"}],"about":[{"href":"https:\/\/libreriahistoriasdebolsillo.com\/index.php\/wp-json\/wp\/v2\/types\/product"}],"wp:featuredmedia":[{"embeddable":true,"href":"https:\/\/libreriahistoriasdebolsillo.com\/index.php\/wp-json\/wp\/v2\/media\/1703"}],"wp:attachment":[{"href":"https:\/\/libreriahistoriasdebolsillo.com\/index.php\/wp-json\/wp\/v2\/media?parent=1702"}],"wp:term":[{"taxonomy":"product_brand","embeddable":true,"href":"https:\/\/libreriahistoriasdebolsillo.com\/index.php\/wp-json\/wp\/v2\/product_brand?post=1702"},{"taxonomy":"product_cat","embeddable":true,"href":"https:\/\/libreriahistoriasdebolsillo.com\/index.php\/wp-json\/wp\/v2\/product_cat?post=1702"},{"taxonomy":"product_tag","embeddable":true,"href":"https:\/\/libreriahistoriasdebolsillo.com\/index.php\/wp-json\/wp\/v2\/product_tag?post=1702"}],"curies":[{"name":"wp","href":"https:\/\/api.w.org\/{rel}","templated":true}]}}