{"id":1704,"date":"2023-11-24T12:35:21","date_gmt":"2023-11-24T18:35:21","guid":{"rendered":"https:\/\/libreriahistoriasdebolsillo.com\/?post_type=product&#038;p=1704"},"modified":"2024-01-19T18:46:59","modified_gmt":"2024-01-20T00:46:59","slug":"el-jardin-del-honor","status":"publish","type":"product","link":"https:\/\/libreriahistoriasdebolsillo.com\/index.php\/producto\/el-jardin-del-honor\/","title":{"rendered":"El jard\u00edn del honor"},"content":{"rendered":"<p><b>Un valioso e hist\u00f3rico anillo es robado por pandilleros ignorantes. Muchos a\u00f1os despu\u00e9s uno de ellos se reencuentra con el anillo en una exposici\u00f3n sobre Bizancio. Y quiere recuperarlo.<\/b><\/p>\n<p><b>Una historia sobre la lealtad y las virtudes posibles, que mezcla la novela hist\u00f3rica con el\u00a0<i>thriller<\/i>\u00a0y a la vez cuestiona nuestra relaci\u00f3n con el pasado y la moral.<\/b><\/p>\n<p>A mediados del\u00a0<b>siglo XII<\/b>, el emperador Alejo Conmeno le otorg\u00f3 a uno de sus siervos el t\u00edtulo de Antioqu\u00eda junto con el\u00a0<b>anillo de oro\u00a0<\/b>destinado acerrar las cartas de una de las ciudades m\u00e1s importantes de\u00a0<b>Bizancio<\/b>. Entre ellas, la que deb\u00eda llegar a la Santa Sede para intentar reunificar las Iglesias de Oriente y Occidente. Ese anillo viaj\u00f3 a\u00a0<b>M\u00e9xico en 1975<\/b>\u00a0en el equipaje de la \u00faltima descendiente de la familia que, a principios del siglo XX, fue expulsada de Antioqu\u00eda cuando el \u00faltimo gobernador de la ciudad se opuso al\u00a0<b>genocidio armenio<\/b>\u00a0a manos el Imperio Otomano. Meses despu\u00e9s de su llegada a M\u00e9xico, el anillo fue robado.<\/p>\n<p><i>El jard\u00edn del honor<\/i>\u00a0es la historia de\u00a0<b>Sim\u00f3n Ferr\u00e9<\/b>, ladr\u00f3n que cuarenta a\u00f1os despu\u00e9s de tomar la joya, convertido en anticuario y coleccionista de arte, descubre en una exposici\u00f3n sobre Bizancio el anillo del que perdi\u00f3 el rastro.<\/p>\n","protected":false},"excerpt":{"rendered":"<p>Maruan Soto Antaki<\/p>\n","protected":false},"featured_media":1705,"template":"","meta":{"_joinchat":[]},"product_brand":[],"product_cat":[56,37,51],"product_tag":[34],"class_list":{"0":"post-1704","1":"product","2":"type-product","3":"status-publish","4":"has-post-thumbnail","6":"product_cat-historica","7":"product_cat-misterio-y-thriller","8":"product_cat-oferta","9":"product_tag-penguin-random-house","11":"first","12":"outofstock","13":"sale","14":"shipping-taxable","15":"purchasable","16":"product-type-simple"},"_links":{"self":[{"href":"https:\/\/libreriahistoriasdebolsillo.com\/index.php\/wp-json\/wp\/v2\/product\/1704","targetHints":{"allow":["GET"]}}],"collection":[{"href":"https:\/\/libreriahistoriasdebolsillo.com\/index.php\/wp-json\/wp\/v2\/product"}],"about":[{"href":"https:\/\/libreriahistoriasdebolsillo.com\/index.php\/wp-json\/wp\/v2\/types\/product"}],"wp:featuredmedia":[{"embeddable":true,"href":"https:\/\/libreriahistoriasdebolsillo.com\/index.php\/wp-json\/wp\/v2\/media\/1705"}],"wp:attachment":[{"href":"https:\/\/libreriahistoriasdebolsillo.com\/index.php\/wp-json\/wp\/v2\/media?parent=1704"}],"wp:term":[{"taxonomy":"product_brand","embeddable":true,"href":"https:\/\/libreriahistoriasdebolsillo.com\/index.php\/wp-json\/wp\/v2\/product_brand?post=1704"},{"taxonomy":"product_cat","embeddable":true,"href":"https:\/\/libreriahistoriasdebolsillo.com\/index.php\/wp-json\/wp\/v2\/product_cat?post=1704"},{"taxonomy":"product_tag","embeddable":true,"href":"https:\/\/libreriahistoriasdebolsillo.com\/index.php\/wp-json\/wp\/v2\/product_tag?post=1704"}],"curies":[{"name":"wp","href":"https:\/\/api.w.org\/{rel}","templated":true}]}}