{"id":1709,"date":"2023-11-24T12:41:46","date_gmt":"2023-11-24T18:41:46","guid":{"rendered":"https:\/\/libreriahistoriasdebolsillo.com\/?post_type=product&#038;p=1709"},"modified":"2025-11-15T18:33:33","modified_gmt":"2025-11-16T00:33:33","slug":"aprende-coreano-facil-annyeonghaseyo-hangug-eo","status":"publish","type":"product","link":"https:\/\/libreriahistoriasdebolsillo.com\/index.php\/producto\/aprende-coreano-facil-annyeonghaseyo-hangug-eo\/","title":{"rendered":"Aprende coreano f\u00e1cil. Annyeonghaseyo, hangug-eo!"},"content":{"rendered":"<p>Sencilla, c\u00f3moda y muy f\u00e1cil de usar, esta gu\u00eda a todo color, elaborada espec\u00edficamente para hablantes nativos del espa\u00f1ol, te ayudar\u00e1 a dominar el alfabeto hangul, a pronunciar y entender los sonidos del coreano y a conocer las bases de su gram\u00e1tica. Adem\u00e1s, aprender\u00e1s multitud de palabras y expresiones \u00fatiles para comenzar a comunicarte con eficacia en el idioma coreano.<\/p>\n","protected":false},"excerpt":{"rendered":"<p>Beatriz Vera Poseck y Kim Ghi Ho<\/p>\n","protected":false},"featured_media":1711,"template":"","meta":{"_joinchat":[]},"product_brand":[],"product_cat":[41,51],"product_tag":[49],"class_list":{"0":"post-1709","1":"product","2":"type-product","3":"status-publish","4":"has-post-thumbnail","6":"product_cat-desarrollo-humano","7":"product_cat-oferta","8":"product_tag-alfaomega","10":"first","11":"instock","12":"sale","13":"shipping-taxable","14":"purchasable","15":"product-type-simple"},"_links":{"self":[{"href":"https:\/\/libreriahistoriasdebolsillo.com\/index.php\/wp-json\/wp\/v2\/product\/1709","targetHints":{"allow":["GET"]}}],"collection":[{"href":"https:\/\/libreriahistoriasdebolsillo.com\/index.php\/wp-json\/wp\/v2\/product"}],"about":[{"href":"https:\/\/libreriahistoriasdebolsillo.com\/index.php\/wp-json\/wp\/v2\/types\/product"}],"wp:featuredmedia":[{"embeddable":true,"href":"https:\/\/libreriahistoriasdebolsillo.com\/index.php\/wp-json\/wp\/v2\/media\/1711"}],"wp:attachment":[{"href":"https:\/\/libreriahistoriasdebolsillo.com\/index.php\/wp-json\/wp\/v2\/media?parent=1709"}],"wp:term":[{"taxonomy":"product_brand","embeddable":true,"href":"https:\/\/libreriahistoriasdebolsillo.com\/index.php\/wp-json\/wp\/v2\/product_brand?post=1709"},{"taxonomy":"product_cat","embeddable":true,"href":"https:\/\/libreriahistoriasdebolsillo.com\/index.php\/wp-json\/wp\/v2\/product_cat?post=1709"},{"taxonomy":"product_tag","embeddable":true,"href":"https:\/\/libreriahistoriasdebolsillo.com\/index.php\/wp-json\/wp\/v2\/product_tag?post=1709"}],"curies":[{"name":"wp","href":"https:\/\/api.w.org\/{rel}","templated":true}]}}