{"id":1712,"date":"2023-11-24T12:44:59","date_gmt":"2023-11-24T18:44:59","guid":{"rendered":"https:\/\/libreriahistoriasdebolsillo.com\/?post_type=product&#038;p=1712"},"modified":"2023-11-24T12:50:02","modified_gmt":"2023-11-24T18:50:02","slug":"la-ruta-de-las-abejas","status":"publish","type":"product","link":"https:\/\/libreriahistoriasdebolsillo.com\/index.php\/producto\/la-ruta-de-las-abejas\/","title":{"rendered":"La ruta de las abejas"},"content":{"rendered":"<p>Lob\u00edas Rumin vive en Eldin Menor, y al contrario que el resto de sus habitantes, es un chico extra\u00f1o y solitario. Pero la vida de Lob\u00edas da un giro inesperado en la v\u00edspera del equinoccio de primavera, cuando conoce a Nu y L\u00f3riga, dos viajeros con la intenci\u00f3n de llevar a cabo la empresa m\u00e1s descabellada posible: atravesar el Valle de las Nieblas. la bruma all\u00ed nunca se disipa y durante siglos nadie ha osado atravesarla. Los viajeros dicen seguir las instrucciones de un viejo libro para hallar un sendero que acompa\u00f1a la ruta de las abejas Morneas a trav\u00e9s de la niebla, y as\u00ed llegar hasta el \u00c1rbol de Homa, el primero de los \u00e1rboles del mundo.<\/p>\n<p>Sin pararse a pensarlo dos veces, Lob\u00edas acepta su invitaci\u00f3n, pero lo que la expedici\u00f3n encuentra al otro lado de las nieblas es tan extra\u00f1o como terrible: un mundo en guerra donde pueblos enteros huyen de un ej\u00e9rcito que llega desde tierras lejanas y avanza, devast\u00e1ndolo todo.<\/p>\n<p><span class=\"a-text-italic\">La ruta de las abejas<\/span>\u00a0cuenta la historia de un viaje, pero tambi\u00e9n la de una guerra contra fuerzas siniestras. Para Lob\u00edas Rumin significar\u00e1 el encuentro con un destino que jam\u00e1s hubiera imaginado, una aventura que cambiar\u00e1 su vida para siempre.<\/p>\n","protected":false},"excerpt":{"rendered":"<p>Jorge Gal\u00e1n<\/p>\n","protected":false},"featured_media":1714,"template":"","meta":{"_joinchat":[]},"product_brand":[],"product_cat":[39,54,52,51],"product_tag":[66],"class_list":{"0":"post-1712","1":"product","2":"type-product","3":"status-publish","4":"has-post-thumbnail","6":"product_cat-fantasia","7":"product_cat-infantil","8":"product_cat-juvenil","9":"product_cat-oferta","10":"product_tag-editorial-oceano","12":"first","13":"instock","14":"sale","15":"shipping-taxable","16":"purchasable","17":"product-type-simple"},"_links":{"self":[{"href":"https:\/\/libreriahistoriasdebolsillo.com\/index.php\/wp-json\/wp\/v2\/product\/1712","targetHints":{"allow":["GET"]}}],"collection":[{"href":"https:\/\/libreriahistoriasdebolsillo.com\/index.php\/wp-json\/wp\/v2\/product"}],"about":[{"href":"https:\/\/libreriahistoriasdebolsillo.com\/index.php\/wp-json\/wp\/v2\/types\/product"}],"wp:featuredmedia":[{"embeddable":true,"href":"https:\/\/libreriahistoriasdebolsillo.com\/index.php\/wp-json\/wp\/v2\/media\/1714"}],"wp:attachment":[{"href":"https:\/\/libreriahistoriasdebolsillo.com\/index.php\/wp-json\/wp\/v2\/media?parent=1712"}],"wp:term":[{"taxonomy":"product_brand","embeddable":true,"href":"https:\/\/libreriahistoriasdebolsillo.com\/index.php\/wp-json\/wp\/v2\/product_brand?post=1712"},{"taxonomy":"product_cat","embeddable":true,"href":"https:\/\/libreriahistoriasdebolsillo.com\/index.php\/wp-json\/wp\/v2\/product_cat?post=1712"},{"taxonomy":"product_tag","embeddable":true,"href":"https:\/\/libreriahistoriasdebolsillo.com\/index.php\/wp-json\/wp\/v2\/product_tag?post=1712"}],"curies":[{"name":"wp","href":"https:\/\/api.w.org\/{rel}","templated":true}]}}