{"id":1715,"date":"2023-11-24T12:49:15","date_gmt":"2023-11-24T18:49:15","guid":{"rendered":"https:\/\/libreriahistoriasdebolsillo.com\/?post_type=product&#038;p=1715"},"modified":"2023-11-24T12:49:15","modified_gmt":"2023-11-24T18:49:15","slug":"la-nacion-de-las-bestias-el-senor-del-sabbath","status":"publish","type":"product","link":"https:\/\/libreriahistoriasdebolsillo.com\/index.php\/producto\/la-nacion-de-las-bestias-el-senor-del-sabbath\/","title":{"rendered":"La naci\u00f3n de las bestias: El Se\u00f1or del Sabbath"},"content":{"rendered":"<p>\u00ab\u00bfNo est\u00e1s harto de tener miedo? \u00bfNo quisieras tener la certeza, por primera vez en tu vida, de que no est\u00e1s loco? \u00bfDe que todo lo que ves y lo que te pasa\u2026 es real?\u00bb<\/p>\n<p>Durante casi toda su vida, Elisse ha sido acosado por criaturas horripilantes que al parecer nadie m\u00e1s puede ver ni escuchar. Desesperado por huir tanto de ellas como de su pasado decide marcharse de la m\u00edstica India, el pa\u00eds donde estuvo refugiado, para sumergirse dentro de la\u00a0<span class=\"a-text-italic\">Gran Hechicera<\/span>\u00a0Nueva Orleans. \u00bfSu \u00fanica esperanza? Rencontrarse con su padre, quien por motivos desconocidos tuvo que abandonarlo siendo apenas un beb\u00e9. Pero lo que \u00e9l no sabe es que en esa ciudad sepultada por una misteriosa niebla y devorada por furiosos huracanes, se encontrar\u00e1 con mucho m\u00e1s que las respuestas a los enigmas de su inquietante vida: un secreto, tan ancestral como extraordinario, que se oculta entre los pantanos de Luisiana, en los muros helados del cementerio de Saint Louis y hasta en su propia sangre. Mitos, cultos y leyendas. La humanidad tiene miles, pero Elisse est\u00e1 a punto de descubrir que s\u00f3lo existe una verdad. Los abismos lo observan. Sus pesadillas lo persiguen. Y ahora, su instinto lo guiar\u00e1 a la batalla. \u00bfTienes el valor de entrar en su mundo?<\/p>\n","protected":false},"excerpt":{"rendered":"<p>Mariana Palova<\/p>\n","protected":false},"featured_media":1717,"template":"","meta":{"_joinchat":[]},"product_brand":[],"product_cat":[39,52,51,36],"product_tag":[66],"class_list":{"0":"post-1715","1":"product","2":"type-product","3":"status-publish","4":"has-post-thumbnail","6":"product_cat-fantasia","7":"product_cat-juvenil","8":"product_cat-oferta","9":"product_cat-terror-y-paranormal","10":"product_tag-editorial-oceano","12":"first","13":"instock","14":"sale","15":"shipping-taxable","16":"purchasable","17":"product-type-simple"},"_links":{"self":[{"href":"https:\/\/libreriahistoriasdebolsillo.com\/index.php\/wp-json\/wp\/v2\/product\/1715","targetHints":{"allow":["GET"]}}],"collection":[{"href":"https:\/\/libreriahistoriasdebolsillo.com\/index.php\/wp-json\/wp\/v2\/product"}],"about":[{"href":"https:\/\/libreriahistoriasdebolsillo.com\/index.php\/wp-json\/wp\/v2\/types\/product"}],"wp:featuredmedia":[{"embeddable":true,"href":"https:\/\/libreriahistoriasdebolsillo.com\/index.php\/wp-json\/wp\/v2\/media\/1717"}],"wp:attachment":[{"href":"https:\/\/libreriahistoriasdebolsillo.com\/index.php\/wp-json\/wp\/v2\/media?parent=1715"}],"wp:term":[{"taxonomy":"product_brand","embeddable":true,"href":"https:\/\/libreriahistoriasdebolsillo.com\/index.php\/wp-json\/wp\/v2\/product_brand?post=1715"},{"taxonomy":"product_cat","embeddable":true,"href":"https:\/\/libreriahistoriasdebolsillo.com\/index.php\/wp-json\/wp\/v2\/product_cat?post=1715"},{"taxonomy":"product_tag","embeddable":true,"href":"https:\/\/libreriahistoriasdebolsillo.com\/index.php\/wp-json\/wp\/v2\/product_tag?post=1715"}],"curies":[{"name":"wp","href":"https:\/\/api.w.org\/{rel}","templated":true}]}}