{"id":1718,"date":"2023-11-24T12:52:27","date_gmt":"2023-11-24T18:52:27","guid":{"rendered":"https:\/\/libreriahistoriasdebolsillo.com\/?post_type=product&#038;p=1718"},"modified":"2023-12-15T16:02:31","modified_gmt":"2023-12-15T22:02:31","slug":"hoja-de-sangre","status":"publish","type":"product","link":"https:\/\/libreriahistoriasdebolsillo.com\/index.php\/producto\/hoja-de-sangre\/","title":{"rendered":"Hoja de sangre"},"content":{"rendered":"<p>\u00abUna lectura fascinante, llena de giros sorprendentes.\u00bb\u00a0<span class=\"a-text-italic\">BCCB<\/span><\/p>\n<p>\u00abRomance, peligro y magia dan lugar a una combinaci\u00f3n ganadora que mantendr\u00e1 a los lectores pegados a sus p\u00e1ginas mucho despu\u00e9s de que llegue la hora de irse a dormir.\u00bb\u00a0<span class=\"a-text-italic\">School Library Journal<\/span>.<\/p>\n<p>AURELIA ES LA PRIMERA PRINCESA NACIDA EN RENALT despu\u00e9s de doscientos a\u00f1os, y su destino es casarse con Valentin, el pr\u00edncipe de Achleva \u2014y mayor enemigo de su casa\u2014 para asegurar la paz entre ambos reinos.<\/p>\n<p>Pero los rumores de un pr\u00edncipe enfermo y cruel no cesan, y lo \u00fanico que eclipsa la aprensi\u00f3n de Aurelia hacia su inminente matrimonio es el temor a aquellos que la matar\u00edan para evitarlo.<\/p>\n<p>Pronto circunstancias funestas la har\u00e1n huir de su trono, entonces descubrir\u00e1 la felicidad que una vida plebeya puede brindar, lejos de intrigas pol\u00edticas, compromisos mon\u00e1rquicos y el ejercicio prohibido de su legado m\u00e1s antiguo: la sombr\u00eda magia de sangre que es capaz de conectarla con fantasmas y esp\u00edritus.<\/p>\n<p>Aurelia parece un simple pe\u00f3n en un juego de amor, poder y guerra que ha perdurado durante siglos. Ahora debe decidir si quiere entregarse a su nueva vida o luchar por la que ha perdido, al tiempo que se abre paso por los complicados lazos que la unen a un pr\u00edncipe forastero, al inquieto fantasma de una antigua reina, y a una enigm\u00e1tica planta llamada hoja de sangre.<\/p>\n","protected":false},"excerpt":{"rendered":"<p>Crystal Smith<\/p>\n","protected":false},"featured_media":1720,"template":"","meta":{"_joinchat":[]},"product_brand":[],"product_cat":[39,52,51],"product_tag":[66],"class_list":{"0":"post-1718","1":"product","2":"type-product","3":"status-publish","4":"has-post-thumbnail","6":"product_cat-fantasia","7":"product_cat-juvenil","8":"product_cat-oferta","9":"product_tag-editorial-oceano","11":"first","12":"outofstock","13":"sale","14":"shipping-taxable","15":"purchasable","16":"product-type-simple"},"_links":{"self":[{"href":"https:\/\/libreriahistoriasdebolsillo.com\/index.php\/wp-json\/wp\/v2\/product\/1718","targetHints":{"allow":["GET"]}}],"collection":[{"href":"https:\/\/libreriahistoriasdebolsillo.com\/index.php\/wp-json\/wp\/v2\/product"}],"about":[{"href":"https:\/\/libreriahistoriasdebolsillo.com\/index.php\/wp-json\/wp\/v2\/types\/product"}],"wp:featuredmedia":[{"embeddable":true,"href":"https:\/\/libreriahistoriasdebolsillo.com\/index.php\/wp-json\/wp\/v2\/media\/1720"}],"wp:attachment":[{"href":"https:\/\/libreriahistoriasdebolsillo.com\/index.php\/wp-json\/wp\/v2\/media?parent=1718"}],"wp:term":[{"taxonomy":"product_brand","embeddable":true,"href":"https:\/\/libreriahistoriasdebolsillo.com\/index.php\/wp-json\/wp\/v2\/product_brand?post=1718"},{"taxonomy":"product_cat","embeddable":true,"href":"https:\/\/libreriahistoriasdebolsillo.com\/index.php\/wp-json\/wp\/v2\/product_cat?post=1718"},{"taxonomy":"product_tag","embeddable":true,"href":"https:\/\/libreriahistoriasdebolsillo.com\/index.php\/wp-json\/wp\/v2\/product_tag?post=1718"}],"curies":[{"name":"wp","href":"https:\/\/api.w.org\/{rel}","templated":true}]}}