{"id":1725,"date":"2023-11-24T13:04:23","date_gmt":"2023-11-24T19:04:23","guid":{"rendered":"https:\/\/libreriahistoriasdebolsillo.com\/?post_type=product&#038;p=1725"},"modified":"2024-10-15T11:10:19","modified_gmt":"2024-10-15T17:10:19","slug":"gravity-falls-comic-5","status":"publish","type":"product","link":"https:\/\/libreriahistoriasdebolsillo.com\/index.php\/producto\/gravity-falls-comic-5\/","title":{"rendered":"Gravity Falls c\u00f3mic 5"},"content":{"rendered":"<p>\u00bfT\u00f3nicos m\u00e1gicos? \u00bfSoos ganando en algo? Las vacaciones de verano de Dipper y Mabel se ponen cada vez m\u00e1s raras conforme van encontrando m\u00e1s misterios en Gravity Falls: Mabel se hace cargo de la Caba\u00f1a del Misterio, lo cual tiene consecuencias (casi) desastrosas; el equipo de Gravity Falls cae en un pozo sin fondo y los gemelos hacen un amigo inusual cuando la piscina local abre durante el d\u00eda m\u00e1s caliente del verano. Regresa a Gravity Falls y revive las aventuras de tus gemelos favoritos en Gravity Falls. C\u00f3mic 5, una novela gr\u00e1fica que recuenta varios cap\u00edtulos de la popular serie animada de Disney XD.<\/p>\n","protected":false},"excerpt":{"rendered":"<p>\u00bfT\u00f3nicos m\u00e1gicos? \u00bfSoos ganando en algo? Las vacaciones de verano de Dipper y Mabel se ponen cada vez m\u00e1s raras conforme van encontrando m\u00e1s misterios en Gravity Falls: Mabel se hace cargo de la Caba\u00f1a del Misterio, lo cual tiene consecuencias (casi) desastrosas; el equipo de Gravity Falls cae en un pozo sin fondo y [&hellip;]<\/p>\n","protected":false},"featured_media":1726,"template":"","meta":{"_joinchat":[]},"product_brand":[],"product_cat":[54,51],"product_tag":[45],"class_list":{"0":"post-1725","1":"product","2":"type-product","3":"status-publish","4":"has-post-thumbnail","6":"product_cat-infantil","7":"product_cat-oferta","8":"product_tag-planeta","10":"first","11":"outofstock","12":"shipping-taxable","13":"purchasable","14":"product-type-simple"},"_links":{"self":[{"href":"https:\/\/libreriahistoriasdebolsillo.com\/index.php\/wp-json\/wp\/v2\/product\/1725","targetHints":{"allow":["GET"]}}],"collection":[{"href":"https:\/\/libreriahistoriasdebolsillo.com\/index.php\/wp-json\/wp\/v2\/product"}],"about":[{"href":"https:\/\/libreriahistoriasdebolsillo.com\/index.php\/wp-json\/wp\/v2\/types\/product"}],"wp:featuredmedia":[{"embeddable":true,"href":"https:\/\/libreriahistoriasdebolsillo.com\/index.php\/wp-json\/wp\/v2\/media\/1726"}],"wp:attachment":[{"href":"https:\/\/libreriahistoriasdebolsillo.com\/index.php\/wp-json\/wp\/v2\/media?parent=1725"}],"wp:term":[{"taxonomy":"product_brand","embeddable":true,"href":"https:\/\/libreriahistoriasdebolsillo.com\/index.php\/wp-json\/wp\/v2\/product_brand?post=1725"},{"taxonomy":"product_cat","embeddable":true,"href":"https:\/\/libreriahistoriasdebolsillo.com\/index.php\/wp-json\/wp\/v2\/product_cat?post=1725"},{"taxonomy":"product_tag","embeddable":true,"href":"https:\/\/libreriahistoriasdebolsillo.com\/index.php\/wp-json\/wp\/v2\/product_tag?post=1725"}],"curies":[{"name":"wp","href":"https:\/\/api.w.org\/{rel}","templated":true}]}}