{"id":1733,"date":"2023-11-24T13:10:21","date_gmt":"2023-11-24T19:10:21","guid":{"rendered":"https:\/\/libreriahistoriasdebolsillo.com\/?post_type=product&#038;p=1733"},"modified":"2024-04-24T07:15:06","modified_gmt":"2024-04-24T13:15:06","slug":"after-4-amor-infinito","status":"publish","type":"product","link":"https:\/\/libreriahistoriasdebolsillo.com\/index.php\/producto\/after-4-amor-infinito\/","title":{"rendered":"After 4. Amor infinito"},"content":{"rendered":"<p>La historia de dos almas gemelas que no pueden estar separadas, pero que no saben c\u00f3mo estar juntas. El amor es pasi\u00f3n y complicidad, pero tambi\u00e9n es aprender a conocer al otro y hacer juntos un proyecto com\u00fan.<\/p>\n<p>El amor de Tessa y Hardin nunca ha sido f\u00e1cil, pero cada desaf\u00edo que han afrontado ha hecho su uni\u00f3n m\u00e1s y m\u00e1s fuerte. Pero \u00bfpodr\u00e1n afrontarlo todo? Cuando la verdad sobre sus familias sale a la luz, Tessa y Hardin descubren que, en el fondo, no son tan distintos como cre\u00edan\u2026 Tessa ya no es la chica buena, simple y dulce que lleg\u00f3 a la universidad, y \u00e9l no es el chico cruel y malo del que se enamor\u00f3. Ella pronto se da cuenta de que es la \u00fanica que lo entiende. Es la \u00fanica capaz de calmarle&#8230; \u00e9l la necesita. Pero el secreto que esconde es tan grande que Hardin se aleja cada vez m\u00e1s de todo y de todos, incluso de la que parece ser su alma gemela\u2026<\/p>\n","protected":false},"excerpt":{"rendered":"<p>Anna Todd<\/p>\n","protected":false},"featured_media":1734,"template":"","meta":{"_joinchat":[]},"product_brand":[],"product_cat":[51,35],"product_tag":[45],"class_list":{"0":"post-1733","1":"product","2":"type-product","3":"status-publish","4":"has-post-thumbnail","6":"product_cat-oferta","7":"product_cat-romantica","8":"product_tag-planeta","10":"first","11":"instock","12":"sale","13":"shipping-taxable","14":"purchasable","15":"product-type-simple"},"_links":{"self":[{"href":"https:\/\/libreriahistoriasdebolsillo.com\/index.php\/wp-json\/wp\/v2\/product\/1733","targetHints":{"allow":["GET"]}}],"collection":[{"href":"https:\/\/libreriahistoriasdebolsillo.com\/index.php\/wp-json\/wp\/v2\/product"}],"about":[{"href":"https:\/\/libreriahistoriasdebolsillo.com\/index.php\/wp-json\/wp\/v2\/types\/product"}],"wp:featuredmedia":[{"embeddable":true,"href":"https:\/\/libreriahistoriasdebolsillo.com\/index.php\/wp-json\/wp\/v2\/media\/1734"}],"wp:attachment":[{"href":"https:\/\/libreriahistoriasdebolsillo.com\/index.php\/wp-json\/wp\/v2\/media?parent=1733"}],"wp:term":[{"taxonomy":"product_brand","embeddable":true,"href":"https:\/\/libreriahistoriasdebolsillo.com\/index.php\/wp-json\/wp\/v2\/product_brand?post=1733"},{"taxonomy":"product_cat","embeddable":true,"href":"https:\/\/libreriahistoriasdebolsillo.com\/index.php\/wp-json\/wp\/v2\/product_cat?post=1733"},{"taxonomy":"product_tag","embeddable":true,"href":"https:\/\/libreriahistoriasdebolsillo.com\/index.php\/wp-json\/wp\/v2\/product_tag?post=1733"}],"curies":[{"name":"wp","href":"https:\/\/api.w.org\/{rel}","templated":true}]}}