{"id":1737,"date":"2023-11-24T13:13:40","date_gmt":"2023-11-24T19:13:40","guid":{"rendered":"https:\/\/libreriahistoriasdebolsillo.com\/?post_type=product&#038;p=1737"},"modified":"2024-04-24T07:14:56","modified_gmt":"2024-04-24T13:14:56","slug":"after-2-en-mil-pedazos","status":"publish","type":"product","link":"https:\/\/libreriahistoriasdebolsillo.com\/index.php\/producto\/after-2-en-mil-pedazos\/","title":{"rendered":"After 2. En mil pedazos"},"content":{"rendered":"<p>Una historia que nadie quiere que acabe y todo el mundo quiere vivir. Tessa se acaba de despertar de un sue\u00f1o. Es consciente de que era todo demasiado bonito para ser cierto\u2026 \u00bfEs posible volver a sonre\u00edr cuando todo se rompe en pedazos? Ella y Hardin parec\u00edan hechos el uno para el otro, como dos almas gemelas, pero \u00e9l lo ha roto todo, se ha acabado el sue\u00f1o para siempre. \u00bfC\u00f3mo ha podido ser tan ingenua? Si quiere recuperarla, Hardin deber\u00e1 luchar como nunca por lo que ha hecho. \u00bfEstar\u00e1 preparado? \u00bfSe puede perdonar todo? UN AMOR PELIGROSO UN AMOR REBELDE UN AMOR INFINITO \u00abEste libro es maravilloso. He disfrutado cada minuto de \u00e9l.\u00bb \u00ab\u00a1Leyendo de nuevo y temblando como si fuera la primera vez!\u00bb<\/p>\n","protected":false},"excerpt":{"rendered":"<p>Anna Todd<\/p>\n","protected":false},"featured_media":1738,"template":"","meta":{"_joinchat":[]},"product_brand":[],"product_cat":[51,35],"product_tag":[45],"class_list":{"0":"post-1737","1":"product","2":"type-product","3":"status-publish","4":"has-post-thumbnail","6":"product_cat-oferta","7":"product_cat-romantica","8":"product_tag-planeta","10":"first","11":"outofstock","12":"sale","13":"shipping-taxable","14":"purchasable","15":"product-type-simple"},"_links":{"self":[{"href":"https:\/\/libreriahistoriasdebolsillo.com\/index.php\/wp-json\/wp\/v2\/product\/1737","targetHints":{"allow":["GET"]}}],"collection":[{"href":"https:\/\/libreriahistoriasdebolsillo.com\/index.php\/wp-json\/wp\/v2\/product"}],"about":[{"href":"https:\/\/libreriahistoriasdebolsillo.com\/index.php\/wp-json\/wp\/v2\/types\/product"}],"wp:featuredmedia":[{"embeddable":true,"href":"https:\/\/libreriahistoriasdebolsillo.com\/index.php\/wp-json\/wp\/v2\/media\/1738"}],"wp:attachment":[{"href":"https:\/\/libreriahistoriasdebolsillo.com\/index.php\/wp-json\/wp\/v2\/media?parent=1737"}],"wp:term":[{"taxonomy":"product_brand","embeddable":true,"href":"https:\/\/libreriahistoriasdebolsillo.com\/index.php\/wp-json\/wp\/v2\/product_brand?post=1737"},{"taxonomy":"product_cat","embeddable":true,"href":"https:\/\/libreriahistoriasdebolsillo.com\/index.php\/wp-json\/wp\/v2\/product_cat?post=1737"},{"taxonomy":"product_tag","embeddable":true,"href":"https:\/\/libreriahistoriasdebolsillo.com\/index.php\/wp-json\/wp\/v2\/product_tag?post=1737"}],"curies":[{"name":"wp","href":"https:\/\/api.w.org\/{rel}","templated":true}]}}