{"id":1739,"date":"2023-11-24T13:18:12","date_gmt":"2023-11-24T19:18:12","guid":{"rendered":"https:\/\/libreriahistoriasdebolsillo.com\/?post_type=product&#038;p=1739"},"modified":"2024-11-25T19:17:29","modified_gmt":"2024-11-26T01:17:29","slug":"r-p-g-juego-de-rol","status":"publish","type":"product","link":"https:\/\/libreriahistoriasdebolsillo.com\/index.php\/producto\/r-p-g-juego-de-rol\/","title":{"rendered":"R.P.G. Juego de rol"},"content":{"rendered":"<p>El equipo de polic\u00eda que investiga el doble homicidio de un hombre de de mediana edad y su amante universitaria, descubre una serie de correos electr\u00f3nicos que vincula a la v\u00edctima los miembros de una familia virtual, en la que \u00e9l desempe\u00f1aba el papel de \u00abPap\u00e1\u00bb. Entretanto, deciden organizar un dispositivo de protecci\u00f3n policial en torno a la hija del fallecido, una adolescente que asegura sufrir el acoso de un desconocido. La investigaci\u00f3n va centr\u00e1ndose poco a poco en esa familia &#8216;fantasma&#8217;, al salir a la luz pruebas de que sus miembros han abandonado las salas de chat para conocerse en persona. El veterano sargento Takegami se encuentra inesperadamente al mando de la investigaci\u00f3n y tendr\u00e1 que formar equipo con una vieja amiga la que no ve desde hace a\u00f1os. Llevados por la intuici\u00f3n, trabajar\u00e1n codo con codo para trata de desvelar la delgada l\u00ednea que separa la fantas\u00eda de la cruda realidad, y el mundo virtual del real. Juego de rol es una absorbente historia polic\u00edaca y de misterio, que gira alrededor de una investigaci\u00f3n contrarreloj para resolver un crimen y descubrir al asesino.<\/p>\n","protected":false},"excerpt":{"rendered":"<p>Miyuki Miyabe<\/p>\n","protected":false},"featured_media":1741,"template":"","meta":{"_joinchat":[]},"product_brand":[],"product_cat":[37,51],"product_tag":[49],"class_list":{"0":"post-1739","1":"product","2":"type-product","3":"status-publish","4":"has-post-thumbnail","6":"product_cat-misterio-y-thriller","7":"product_cat-oferta","8":"product_tag-alfaomega","10":"first","11":"outofstock","12":"sale","13":"shipping-taxable","14":"purchasable","15":"product-type-simple"},"_links":{"self":[{"href":"https:\/\/libreriahistoriasdebolsillo.com\/index.php\/wp-json\/wp\/v2\/product\/1739","targetHints":{"allow":["GET"]}}],"collection":[{"href":"https:\/\/libreriahistoriasdebolsillo.com\/index.php\/wp-json\/wp\/v2\/product"}],"about":[{"href":"https:\/\/libreriahistoriasdebolsillo.com\/index.php\/wp-json\/wp\/v2\/types\/product"}],"wp:featuredmedia":[{"embeddable":true,"href":"https:\/\/libreriahistoriasdebolsillo.com\/index.php\/wp-json\/wp\/v2\/media\/1741"}],"wp:attachment":[{"href":"https:\/\/libreriahistoriasdebolsillo.com\/index.php\/wp-json\/wp\/v2\/media?parent=1739"}],"wp:term":[{"taxonomy":"product_brand","embeddable":true,"href":"https:\/\/libreriahistoriasdebolsillo.com\/index.php\/wp-json\/wp\/v2\/product_brand?post=1739"},{"taxonomy":"product_cat","embeddable":true,"href":"https:\/\/libreriahistoriasdebolsillo.com\/index.php\/wp-json\/wp\/v2\/product_cat?post=1739"},{"taxonomy":"product_tag","embeddable":true,"href":"https:\/\/libreriahistoriasdebolsillo.com\/index.php\/wp-json\/wp\/v2\/product_tag?post=1739"}],"curies":[{"name":"wp","href":"https:\/\/api.w.org\/{rel}","templated":true}]}}