{"id":1742,"date":"2023-11-24T13:20:15","date_gmt":"2023-11-24T19:20:15","guid":{"rendered":"https:\/\/libreriahistoriasdebolsillo.com\/?post_type=product&#038;p=1742"},"modified":"2024-01-05T11:34:17","modified_gmt":"2024-01-05T17:34:17","slug":"la-verdad-y-las-mentiras-de-ella-black","status":"publish","type":"product","link":"https:\/\/libreriahistoriasdebolsillo.com\/index.php\/producto\/la-verdad-y-las-mentiras-de-ella-black\/","title":{"rendered":"La verdad y las mentiras de Ella Black"},"content":{"rendered":"<p>Bajo la apariencia de una vida normal, Ella Black esconde un rasgo de car\u00e1cter inquietante: en su interior anida un\u00a0<b>impulso destructor<\/b>\u00a0-al que llama Bella, contracci\u00f3n de Bad Ella- que se apodera de sus actos y causa estragos en su d\u00eda a d\u00eda. Sin embargo, esta batalla \u00edntima\u00a0<b>no es su \u00fanico secreto<\/b>: tras verse forzada por sus padres a un precipitadoe inexplicable viaje a Brasil, descubrir\u00e1 que\u00a0<b>su existencia se cimenta sobre un enga\u00f1o<\/b>. Disgustada y confundida, Ella se lanza a una\u00a0<b>b\u00fasqueda desesperada<\/b>\u00a0que la conducir\u00e1 al lugar m\u00e1s insospechado, las favelas de R\u00edo de Janeiro, con el prop\u00f3sito de desvelar las\u00a0<b>verdades y mentiras<\/b>\u00a0que, como dos fuerzas contrapuestas, iluminan y ensombrecen lo m\u00e1s hondo de s\u00ed misma.<\/p>\n<p><strong>En este relato trepidante, que se desarrolla en escenarios casi cinematogr\u00e1ficos y con un ritmo vertiginoso, Emily Barr -autora del aclamado \u00e9xito de ventas<i>El \u00faltimo recuerdo de Flora Banks<\/i>&#8211; indaga en la convulsa psique de una joven que lucha por conocer su identidad y liberarse de las ataduras que coartan su personalidad.<\/strong><\/p>\n","protected":false},"excerpt":{"rendered":"<p>Emily Barr<\/p>\n","protected":false},"featured_media":1743,"template":"","meta":{"_joinchat":[]},"product_brand":[],"product_cat":[33,51],"product_tag":[34],"class_list":{"0":"post-1742","1":"product","2":"type-product","3":"status-publish","4":"has-post-thumbnail","6":"product_cat-ficcion-general","7":"product_cat-oferta","8":"product_tag-penguin-random-house","10":"first","11":"outofstock","12":"sale","13":"shipping-taxable","14":"purchasable","15":"product-type-simple"},"_links":{"self":[{"href":"https:\/\/libreriahistoriasdebolsillo.com\/index.php\/wp-json\/wp\/v2\/product\/1742","targetHints":{"allow":["GET"]}}],"collection":[{"href":"https:\/\/libreriahistoriasdebolsillo.com\/index.php\/wp-json\/wp\/v2\/product"}],"about":[{"href":"https:\/\/libreriahistoriasdebolsillo.com\/index.php\/wp-json\/wp\/v2\/types\/product"}],"wp:featuredmedia":[{"embeddable":true,"href":"https:\/\/libreriahistoriasdebolsillo.com\/index.php\/wp-json\/wp\/v2\/media\/1743"}],"wp:attachment":[{"href":"https:\/\/libreriahistoriasdebolsillo.com\/index.php\/wp-json\/wp\/v2\/media?parent=1742"}],"wp:term":[{"taxonomy":"product_brand","embeddable":true,"href":"https:\/\/libreriahistoriasdebolsillo.com\/index.php\/wp-json\/wp\/v2\/product_brand?post=1742"},{"taxonomy":"product_cat","embeddable":true,"href":"https:\/\/libreriahistoriasdebolsillo.com\/index.php\/wp-json\/wp\/v2\/product_cat?post=1742"},{"taxonomy":"product_tag","embeddable":true,"href":"https:\/\/libreriahistoriasdebolsillo.com\/index.php\/wp-json\/wp\/v2\/product_tag?post=1742"}],"curies":[{"name":"wp","href":"https:\/\/api.w.org\/{rel}","templated":true}]}}