{"id":1746,"date":"2023-11-24T13:24:01","date_gmt":"2023-11-24T19:24:01","guid":{"rendered":"https:\/\/libreriahistoriasdebolsillo.com\/?post_type=product&#038;p=1746"},"modified":"2024-01-19T18:45:44","modified_gmt":"2024-01-20T00:45:44","slug":"variaciones-enigma","status":"publish","type":"product","link":"https:\/\/libreriahistoriasdebolsillo.com\/index.php\/producto\/variaciones-enigma\/","title":{"rendered":"Variaciones enigma"},"content":{"rendered":"<p><b>\u00abDevastadora, terriblemente real. Pone en palabras de manera exquisita todo lo que sabemos acerca del primer amor.\u00bb Los Angeles Review of Books<\/b><\/p>\n<p>Como un mismo tema musical (el del\u00a0<b>erotismo<\/b>, los\u00a0<b>recuerdos<\/b>\u00a0y el cuerpo) tocado en sus diversas variaciones, as\u00ed son los v\u00ednculos de Paul con las diferentes personas que han ido dando forma a lo que \u00e9l entiende por\u00a0<b>amor<\/b>. Hombres y mujeres con los que se ha encontrado desde su adolescencia en Italia hasta su madurez en Estados Unidos. Todas estas conexiones, que trazan una constelaci\u00f3n cargada de deseo a lo largo dela vida de su protagonista, se\u00f1alan tambi\u00e9n los momentos culminantes de\u00a0<i>Variaciones enigma<\/i>, la nueva y magistral novela de Andr\u00e9 Aciman.<\/p>\n<p><b>Un relato sensual<\/b>\u00a0y repleto de destellos sobre la posibilidad de\u00a0<b>descubrirnos a trav\u00e9s de los dem\u00e1s<\/b>, de nuestros momentos compartidos y de la intimidad construida de manera conjunta.<\/p>\n<p>\u00abS\u00ed, Aciman ha explorado este territorio antes, pero aqu\u00ed se ha propuesto algo m\u00e1s audaz. Es como si hubiera cogido sus tres novelas anteriores y las hubiera combinado y hubiera decantado su esencia. [&#8230;] Escribe con la ferocidad del escritor que finalmente ha dado con su manera de mirar y tiene que sacarla a la luz. Ha creado algo magn\u00edfico y vivo\u00bb. The New York Times<\/p>\n","protected":false},"excerpt":{"rendered":"<p>Andr\u00e9 Aciman<\/p>\n","protected":false},"featured_media":1748,"template":"","meta":{"_joinchat":[]},"product_brand":[],"product_cat":[33,38,51],"product_tag":[34],"class_list":{"0":"post-1746","1":"product","2":"type-product","3":"status-publish","4":"has-post-thumbnail","6":"product_cat-ficcion-general","7":"product_cat-lgbtq","8":"product_cat-oferta","9":"product_tag-penguin-random-house","11":"first","12":"outofstock","13":"sale","14":"shipping-taxable","15":"purchasable","16":"product-type-simple"},"_links":{"self":[{"href":"https:\/\/libreriahistoriasdebolsillo.com\/index.php\/wp-json\/wp\/v2\/product\/1746","targetHints":{"allow":["GET"]}}],"collection":[{"href":"https:\/\/libreriahistoriasdebolsillo.com\/index.php\/wp-json\/wp\/v2\/product"}],"about":[{"href":"https:\/\/libreriahistoriasdebolsillo.com\/index.php\/wp-json\/wp\/v2\/types\/product"}],"wp:featuredmedia":[{"embeddable":true,"href":"https:\/\/libreriahistoriasdebolsillo.com\/index.php\/wp-json\/wp\/v2\/media\/1748"}],"wp:attachment":[{"href":"https:\/\/libreriahistoriasdebolsillo.com\/index.php\/wp-json\/wp\/v2\/media?parent=1746"}],"wp:term":[{"taxonomy":"product_brand","embeddable":true,"href":"https:\/\/libreriahistoriasdebolsillo.com\/index.php\/wp-json\/wp\/v2\/product_brand?post=1746"},{"taxonomy":"product_cat","embeddable":true,"href":"https:\/\/libreriahistoriasdebolsillo.com\/index.php\/wp-json\/wp\/v2\/product_cat?post=1746"},{"taxonomy":"product_tag","embeddable":true,"href":"https:\/\/libreriahistoriasdebolsillo.com\/index.php\/wp-json\/wp\/v2\/product_tag?post=1746"}],"curies":[{"name":"wp","href":"https:\/\/api.w.org\/{rel}","templated":true}]}}