{"id":1757,"date":"2023-11-24T13:32:15","date_gmt":"2023-11-24T19:32:15","guid":{"rendered":"https:\/\/libreriahistoriasdebolsillo.com\/?post_type=product&#038;p=1757"},"modified":"2023-12-16T11:03:05","modified_gmt":"2023-12-16T17:03:05","slug":"el-oro-mexica","status":"publish","type":"product","link":"https:\/\/libreriahistoriasdebolsillo.com\/index.php\/producto\/el-oro-mexica\/","title":{"rendered":"El oro Mexica"},"content":{"rendered":"<p><b>\u00abEl oro mexica pinta con brochazos gruesos y realistas el funesto encuentro de dos culturas en el Nuevo Mundo: una dispuesta a dar todo por defenderse, y la otra empe\u00f1ada en destruir a su oponente.\u00bb -Beatriz Braniff Cornejo<\/b><\/p>\n<p>Perdido el imperio mexica, tras ser derrotados sus guerreros, destruidos sus templos y encarcelados sus sacerdotes,\u00a0<b>Hern\u00e1n Cort\u00e9s<\/b>\u00a0se convierte en el gobernador de la Nueva Espa\u00f1a por \u00f3rdenes del rey Carlos I. Pero el cargo conlleva una responsabilidad ineludible: enviar de vuelta a Espa\u00f1a todo el oro que encuentre en el nuevo mundo, para financiar los ej\u00e9rcitos que proteger\u00e1n de sus enemigos al debilitado imperio. Cort\u00e9s, incapaz de hallar suficiente oro para complacer a su rey, recuerda que en el palacio de Moctezuma vio, durante las primeras visitas diplom\u00e1ticas que antecedieron a las hostilidades, enormes salones repletos del preciado metal, que parece haberse esfumado en el aire.\u00a0<b>\u00bfD\u00f3nde est\u00e1 el tesoro secreto de los mexicas? \u00bfHasta d\u00f3nde llegar\u00e1 el conquistador para conseguirlo?<\/b><\/p>\n","protected":false},"excerpt":{"rendered":"<p>Ted Estrada<\/p>\n","protected":false},"featured_media":1759,"template":"","meta":{"_joinchat":[]},"product_brand":[],"product_cat":[56,51],"product_tag":[34],"class_list":{"0":"post-1757","1":"product","2":"type-product","3":"status-publish","4":"has-post-thumbnail","6":"product_cat-historica","7":"product_cat-oferta","8":"product_tag-penguin-random-house","10":"first","11":"outofstock","12":"shipping-taxable","13":"purchasable","14":"product-type-simple"},"_links":{"self":[{"href":"https:\/\/libreriahistoriasdebolsillo.com\/index.php\/wp-json\/wp\/v2\/product\/1757","targetHints":{"allow":["GET"]}}],"collection":[{"href":"https:\/\/libreriahistoriasdebolsillo.com\/index.php\/wp-json\/wp\/v2\/product"}],"about":[{"href":"https:\/\/libreriahistoriasdebolsillo.com\/index.php\/wp-json\/wp\/v2\/types\/product"}],"wp:featuredmedia":[{"embeddable":true,"href":"https:\/\/libreriahistoriasdebolsillo.com\/index.php\/wp-json\/wp\/v2\/media\/1759"}],"wp:attachment":[{"href":"https:\/\/libreriahistoriasdebolsillo.com\/index.php\/wp-json\/wp\/v2\/media?parent=1757"}],"wp:term":[{"taxonomy":"product_brand","embeddable":true,"href":"https:\/\/libreriahistoriasdebolsillo.com\/index.php\/wp-json\/wp\/v2\/product_brand?post=1757"},{"taxonomy":"product_cat","embeddable":true,"href":"https:\/\/libreriahistoriasdebolsillo.com\/index.php\/wp-json\/wp\/v2\/product_cat?post=1757"},{"taxonomy":"product_tag","embeddable":true,"href":"https:\/\/libreriahistoriasdebolsillo.com\/index.php\/wp-json\/wp\/v2\/product_tag?post=1757"}],"curies":[{"name":"wp","href":"https:\/\/api.w.org\/{rel}","templated":true}]}}