{"id":1760,"date":"2023-11-24T13:34:00","date_gmt":"2023-11-24T19:34:00","guid":{"rendered":"https:\/\/libreriahistoriasdebolsillo.com\/?post_type=product&#038;p=1760"},"modified":"2023-12-20T18:25:48","modified_gmt":"2023-12-21T00:25:48","slug":"la-rosa-blanca-la-compania-negra-3","status":"publish","type":"product","link":"https:\/\/libreriahistoriasdebolsillo.com\/index.php\/producto\/la-rosa-blanca-la-compania-negra-3\/","title":{"rendered":"La compa\u00f1\u00eda negra 3. La rosa blanca"},"content":{"rendered":"<p><b>Nadie abandona la Compa\u00f1\u00eda, excepto si es con los pies por delante.<\/b><\/p>\n<p><b>La Compa\u00f1\u00eda es el hogar.<\/b><\/p>\n<p>\u00abLos tiempos son desesperados para la Compa\u00f1\u00eda Negra. No podemos permitirnos bajas. Cualquier hombre perdido ser\u00e1 un amigo de muchos a\u00f1os. Cont\u00e9 de nuevo. Esta vez todo parec\u00eda estar bien. Pero hab\u00eda una montura sin jinete&#8230; Me ech\u00e9 a temblar pese al calor.\u00bb<\/p>\n","protected":false},"excerpt":{"rendered":"<p>Glen Cook<\/p>\n","protected":false},"featured_media":1762,"template":"","meta":{"_joinchat":[]},"product_brand":[],"product_cat":[39,51],"product_tag":[34],"class_list":{"0":"post-1760","1":"product","2":"type-product","3":"status-publish","4":"has-post-thumbnail","6":"product_cat-fantasia","7":"product_cat-oferta","8":"product_tag-penguin-random-house","10":"first","11":"outofstock","12":"sale","13":"shipping-taxable","14":"purchasable","15":"product-type-simple"},"_links":{"self":[{"href":"https:\/\/libreriahistoriasdebolsillo.com\/index.php\/wp-json\/wp\/v2\/product\/1760","targetHints":{"allow":["GET"]}}],"collection":[{"href":"https:\/\/libreriahistoriasdebolsillo.com\/index.php\/wp-json\/wp\/v2\/product"}],"about":[{"href":"https:\/\/libreriahistoriasdebolsillo.com\/index.php\/wp-json\/wp\/v2\/types\/product"}],"wp:featuredmedia":[{"embeddable":true,"href":"https:\/\/libreriahistoriasdebolsillo.com\/index.php\/wp-json\/wp\/v2\/media\/1762"}],"wp:attachment":[{"href":"https:\/\/libreriahistoriasdebolsillo.com\/index.php\/wp-json\/wp\/v2\/media?parent=1760"}],"wp:term":[{"taxonomy":"product_brand","embeddable":true,"href":"https:\/\/libreriahistoriasdebolsillo.com\/index.php\/wp-json\/wp\/v2\/product_brand?post=1760"},{"taxonomy":"product_cat","embeddable":true,"href":"https:\/\/libreriahistoriasdebolsillo.com\/index.php\/wp-json\/wp\/v2\/product_cat?post=1760"},{"taxonomy":"product_tag","embeddable":true,"href":"https:\/\/libreriahistoriasdebolsillo.com\/index.php\/wp-json\/wp\/v2\/product_tag?post=1760"}],"curies":[{"name":"wp","href":"https:\/\/api.w.org\/{rel}","templated":true}]}}