{"id":1763,"date":"2023-11-24T13:35:26","date_gmt":"2023-11-24T19:35:26","guid":{"rendered":"https:\/\/libreriahistoriasdebolsillo.com\/?post_type=product&#038;p=1763"},"modified":"2023-12-20T18:25:44","modified_gmt":"2023-12-21T00:25:44","slug":"sombras-fluctuantes-la-compania-negra-2","status":"publish","type":"product","link":"https:\/\/libreriahistoriasdebolsillo.com\/index.php\/producto\/sombras-fluctuantes-la-compania-negra-2\/","title":{"rendered":"La compa\u00f1\u00eda negra 2. Sombras fluctuantes"},"content":{"rendered":"<p><b>El cl\u00e1sico imprescindible del g\u00e9nero.<\/b><\/p>\n<p>\u00abTodos los hombres nacen condenados. Eso dicen los sabios. Todos maman del pecho de la Muerte. Todos inclinan la cabeza ante el Monarca Silencioso. Ese Se\u00f1or en la Sombra alza un dedo. Una pluma revolotea hasta el suelo. No hay raz\u00f3n alguna en su canci\u00f3n. Los buenos mueren j\u00f3venes. Los perversos prosperan. Es el rey de los Se\u00f1ores del Caos. Su aliento hiela todas las almas.\u00bb<\/p>\n","protected":false},"excerpt":{"rendered":"<p>Glen Cook<\/p>\n","protected":false},"featured_media":1764,"template":"","meta":{"_joinchat":[]},"product_brand":[],"product_cat":[39,51],"product_tag":[34],"class_list":{"0":"post-1763","1":"product","2":"type-product","3":"status-publish","4":"has-post-thumbnail","6":"product_cat-fantasia","7":"product_cat-oferta","8":"product_tag-penguin-random-house","10":"first","11":"outofstock","12":"sale","13":"shipping-taxable","14":"purchasable","15":"product-type-simple"},"_links":{"self":[{"href":"https:\/\/libreriahistoriasdebolsillo.com\/index.php\/wp-json\/wp\/v2\/product\/1763","targetHints":{"allow":["GET"]}}],"collection":[{"href":"https:\/\/libreriahistoriasdebolsillo.com\/index.php\/wp-json\/wp\/v2\/product"}],"about":[{"href":"https:\/\/libreriahistoriasdebolsillo.com\/index.php\/wp-json\/wp\/v2\/types\/product"}],"wp:featuredmedia":[{"embeddable":true,"href":"https:\/\/libreriahistoriasdebolsillo.com\/index.php\/wp-json\/wp\/v2\/media\/1764"}],"wp:attachment":[{"href":"https:\/\/libreriahistoriasdebolsillo.com\/index.php\/wp-json\/wp\/v2\/media?parent=1763"}],"wp:term":[{"taxonomy":"product_brand","embeddable":true,"href":"https:\/\/libreriahistoriasdebolsillo.com\/index.php\/wp-json\/wp\/v2\/product_brand?post=1763"},{"taxonomy":"product_cat","embeddable":true,"href":"https:\/\/libreriahistoriasdebolsillo.com\/index.php\/wp-json\/wp\/v2\/product_cat?post=1763"},{"taxonomy":"product_tag","embeddable":true,"href":"https:\/\/libreriahistoriasdebolsillo.com\/index.php\/wp-json\/wp\/v2\/product_tag?post=1763"}],"curies":[{"name":"wp","href":"https:\/\/api.w.org\/{rel}","templated":true}]}}