{"id":1765,"date":"2023-11-24T14:52:45","date_gmt":"2023-11-24T20:52:45","guid":{"rendered":"https:\/\/libreriahistoriasdebolsillo.com\/?post_type=product&#038;p=1765"},"modified":"2025-04-08T10:31:43","modified_gmt":"2025-04-08T16:31:43","slug":"las-luces-de-febrero-meses-a-tu-lado-4","status":"publish","type":"product","link":"https:\/\/libreriahistoriasdebolsillo.com\/index.php\/producto\/las-luces-de-febrero-meses-a-tu-lado-4\/","title":{"rendered":"Meses a tu lado 4. Las luces de febrero"},"content":{"rendered":"<p>Para Ellie Ross, solo exist\u00edan dos cosas en la vida: el baloncesto y el \u00e9xito.<\/p>\n<p>Si algo ten\u00eda claro era que, durante el verano, iba a formar parte del equipo de baloncesto de<br \/>\nsu ciudad. Tener que ir en contra de las normas y ser la primera chica del equipo no la<br \/>\ndetendr\u00eda.<\/p>\n<p>Y es que hacerle el contrario a los dem\u00e1s no se le daba nada mal.<\/p>\n<p>De hecho, estaba<br \/>\nacostumbrada a llevar el control en las discusiones y, sobre todo, a tener siempre la raz\u00f3n.<\/p>\n<p>Por eso, que el maldito V\u00edctor se empe\u00f1ara en quit\u00e1rsela no le gustaba mucho.<\/p>\n<p>\u00bfEn serio ten\u00eda que aguantar estar en el mismo equipo que \u00e9l?<\/p>\n<p>Dicen que del amor al odio hay solo un paso, pero nadie habla de que del odio al amor hay un<br \/>\ncamino lleno de baches y pelotazos en la cabeza.<\/p>\n<p>La suerte est\u00e1 echada. Que gane el m\u00e1s testarudo<\/p>\n","protected":false},"excerpt":{"rendered":"<p>Joana Marcus<\/p>\n","protected":false},"featured_media":1766,"template":"","meta":{"_joinchat":[]},"product_brand":[],"product_cat":[52,35],"product_tag":[34,57],"class_list":{"0":"post-1765","1":"product","2":"type-product","3":"status-publish","4":"has-post-thumbnail","6":"product_cat-juvenil","7":"product_cat-romantica","8":"product_tag-penguin-random-house","9":"product_tag-wattpad","11":"first","12":"outofstock","13":"shipping-taxable","14":"purchasable","15":"product-type-simple"},"_links":{"self":[{"href":"https:\/\/libreriahistoriasdebolsillo.com\/index.php\/wp-json\/wp\/v2\/product\/1765","targetHints":{"allow":["GET"]}}],"collection":[{"href":"https:\/\/libreriahistoriasdebolsillo.com\/index.php\/wp-json\/wp\/v2\/product"}],"about":[{"href":"https:\/\/libreriahistoriasdebolsillo.com\/index.php\/wp-json\/wp\/v2\/types\/product"}],"wp:featuredmedia":[{"embeddable":true,"href":"https:\/\/libreriahistoriasdebolsillo.com\/index.php\/wp-json\/wp\/v2\/media\/1766"}],"wp:attachment":[{"href":"https:\/\/libreriahistoriasdebolsillo.com\/index.php\/wp-json\/wp\/v2\/media?parent=1765"}],"wp:term":[{"taxonomy":"product_brand","embeddable":true,"href":"https:\/\/libreriahistoriasdebolsillo.com\/index.php\/wp-json\/wp\/v2\/product_brand?post=1765"},{"taxonomy":"product_cat","embeddable":true,"href":"https:\/\/libreriahistoriasdebolsillo.com\/index.php\/wp-json\/wp\/v2\/product_cat?post=1765"},{"taxonomy":"product_tag","embeddable":true,"href":"https:\/\/libreriahistoriasdebolsillo.com\/index.php\/wp-json\/wp\/v2\/product_tag?post=1765"}],"curies":[{"name":"wp","href":"https:\/\/api.w.org\/{rel}","templated":true}]}}