{"id":1767,"date":"2023-11-24T14:55:00","date_gmt":"2023-11-24T20:55:00","guid":{"rendered":"https:\/\/libreriahistoriasdebolsillo.com\/?post_type=product&#038;p=1767"},"modified":"2026-03-27T17:28:22","modified_gmt":"2026-03-27T23:28:22","slug":"dune-las-cronicas-de-dune-1","status":"publish","type":"product","link":"https:\/\/libreriahistoriasdebolsillo.com\/index.php\/producto\/dune-las-cronicas-de-dune-1\/","title":{"rendered":"Las cr\u00f3nicas de Dune 1. Dune"},"content":{"rendered":"<p>En el des\u00e9rtico\u00a0<b>planeta Arrakis<\/b>, el agua es el bien m\u00e1s preciado y llorar a los muertos, el s\u00edmbolo de m\u00e1xima prodigalidad. Pero algo hace de Arrakis una pieza estrat\u00e9gica para los intereses del emperador, las Grandes Casas y la Cofrad\u00eda, los tres grandes poderes de la\u00a0<b>galaxia<\/b>. Arrakis es el \u00fanico origen conocido de la melange, preciosa especia y uno de los bienes m\u00e1s codiciados del universo.<\/p>\n<p>Al duque<b>\u00a0Leto Atreides\u00a0<\/b>se le asigna el gobierno de este mundo inh\u00f3spito, habitado por los ind\u00f3mitos Fremen y por monstruosos gusanos de arena de centenares de metros de longitud. Sin embargo, cuando la familia es traicionada, su hijo y heredero, Paul, emprender\u00e1 un viaje hacia un destino m\u00e1s grande del que jam\u00e1s hubiese podido so\u00f1ar.<\/p>\n<p>Mezcla fascinante de\u00a0<b>aventura, misticismo, intrigas pol\u00edticas y ecologismo<\/b>,\u00a0<i>Dune\u00a0<\/i>se convirti\u00f3, desde el momento de su publicaci\u00f3n, en un\u00a0<b>fen\u00f3meno de culto y en la mayor epopeya de ciencia ficci\u00f3n\u00a0<\/b>de todos los tiempos.<\/p>\n","protected":false},"excerpt":{"rendered":"<p>Frank Herbert<\/p>\n","protected":false},"featured_media":1768,"template":"","meta":{"_joinchat":[]},"product_brand":[],"product_cat":[40],"product_tag":[34],"class_list":{"0":"post-1767","1":"product","2":"type-product","3":"status-publish","4":"has-post-thumbnail","6":"product_cat-ciencia-ficcion","7":"product_tag-penguin-random-house","9":"first","10":"outofstock","11":"shipping-taxable","12":"purchasable","13":"product-type-simple"},"_links":{"self":[{"href":"https:\/\/libreriahistoriasdebolsillo.com\/index.php\/wp-json\/wp\/v2\/product\/1767","targetHints":{"allow":["GET"]}}],"collection":[{"href":"https:\/\/libreriahistoriasdebolsillo.com\/index.php\/wp-json\/wp\/v2\/product"}],"about":[{"href":"https:\/\/libreriahistoriasdebolsillo.com\/index.php\/wp-json\/wp\/v2\/types\/product"}],"wp:featuredmedia":[{"embeddable":true,"href":"https:\/\/libreriahistoriasdebolsillo.com\/index.php\/wp-json\/wp\/v2\/media\/1768"}],"wp:attachment":[{"href":"https:\/\/libreriahistoriasdebolsillo.com\/index.php\/wp-json\/wp\/v2\/media?parent=1767"}],"wp:term":[{"taxonomy":"product_brand","embeddable":true,"href":"https:\/\/libreriahistoriasdebolsillo.com\/index.php\/wp-json\/wp\/v2\/product_brand?post=1767"},{"taxonomy":"product_cat","embeddable":true,"href":"https:\/\/libreriahistoriasdebolsillo.com\/index.php\/wp-json\/wp\/v2\/product_cat?post=1767"},{"taxonomy":"product_tag","embeddable":true,"href":"https:\/\/libreriahistoriasdebolsillo.com\/index.php\/wp-json\/wp\/v2\/product_tag?post=1767"}],"curies":[{"name":"wp","href":"https:\/\/api.w.org\/{rel}","templated":true}]}}