{"id":1773,"date":"2023-11-24T14:59:30","date_gmt":"2023-11-24T20:59:30","guid":{"rendered":"https:\/\/libreriahistoriasdebolsillo.com\/?post_type=product&#038;p=1773"},"modified":"2025-11-01T13:17:45","modified_gmt":"2025-11-01T19:17:45","slug":"gente-normal","status":"publish","type":"product","link":"https:\/\/libreriahistoriasdebolsillo.com\/index.php\/producto\/gente-normal\/","title":{"rendered":"Gente normal"},"content":{"rendered":"<p><b>Despu\u00e9s de<\/b>\u00a0<i><b>Conversaciones entre amigos<\/b><\/i><b>, Sally Rooney vuelve a deslumbrarnos con una historia sobre<\/b>\u00a0<b>la fascinaci\u00f3n mutua<\/b>\u00a0<b>entre dos personas que<\/b>\u00a0<b>no<\/b>\u00a0<b>consiguen encontrarse.<\/b><\/p>\n<p>Ganador del Costa Novel Award.<br \/>\nGanador del Irish Novel of the Year.<br \/>\nFinalista del Man Booker Prize.<br \/>\nFinalista del Women&#8217;s Prize for Fiction.<\/p>\n<p>Marianne y Connell son compa\u00f1eros de instituto pero no se cruzan palabra. \u00c9l es uno de los populares y ella, una chica solitaria que ha aprendido a mantenerse alejada del resto de la gente. Todos saben que Marianne vive en una mansi\u00f3n y que la madre de Connell se encarga de su limpieza, pero nadie imagina que cada tarde los dos j\u00f3venes coinciden. Uno de esos d\u00edas, una conversaci\u00f3n torpe dar\u00e1 comienzo a una relaci\u00f3n que podr\u00eda cambiar sus vidas.<\/p>\n<p><i>Gente normal<\/i>\u00a0es una historia de fascinaci\u00f3n mutua, de amistad y de amor entre dos personas que no consiguen encontrarse, una reflexi\u00f3n sobre la dificultad de cambiar quienes somos. La segunda novela de Sally Rooney acompa\u00f1a durante a\u00f1os a dos protagonistas magn\u00e9ticos y complejos, dos j\u00f3venes que llegamos a entender hasta en su contradicci\u00f3n m\u00e1s sonada y en sus m\u00e1s graves malentendidos. Esta es una historia agridulce que muestra como nos conforman el sexo y el poder, el deseo de herir y ser herido, de amar y ser amado. Nuestras relaciones son una conversaci\u00f3n a lo largo del tiempo. Nuestros silencios, lo que las define.<\/p>\n","protected":false},"excerpt":{"rendered":"<p>Sally Rooney<\/p>\n","protected":false},"featured_media":1775,"template":"","meta":{"_joinchat":[]},"product_brand":[],"product_cat":[33],"product_tag":[34],"class_list":{"0":"post-1773","1":"product","2":"type-product","3":"status-publish","4":"has-post-thumbnail","6":"product_cat-ficcion-general","7":"product_tag-penguin-random-house","9":"first","10":"outofstock","11":"shipping-taxable","12":"purchasable","13":"product-type-simple"},"_links":{"self":[{"href":"https:\/\/libreriahistoriasdebolsillo.com\/index.php\/wp-json\/wp\/v2\/product\/1773","targetHints":{"allow":["GET"]}}],"collection":[{"href":"https:\/\/libreriahistoriasdebolsillo.com\/index.php\/wp-json\/wp\/v2\/product"}],"about":[{"href":"https:\/\/libreriahistoriasdebolsillo.com\/index.php\/wp-json\/wp\/v2\/types\/product"}],"wp:featuredmedia":[{"embeddable":true,"href":"https:\/\/libreriahistoriasdebolsillo.com\/index.php\/wp-json\/wp\/v2\/media\/1775"}],"wp:attachment":[{"href":"https:\/\/libreriahistoriasdebolsillo.com\/index.php\/wp-json\/wp\/v2\/media?parent=1773"}],"wp:term":[{"taxonomy":"product_brand","embeddable":true,"href":"https:\/\/libreriahistoriasdebolsillo.com\/index.php\/wp-json\/wp\/v2\/product_brand?post=1773"},{"taxonomy":"product_cat","embeddable":true,"href":"https:\/\/libreriahistoriasdebolsillo.com\/index.php\/wp-json\/wp\/v2\/product_cat?post=1773"},{"taxonomy":"product_tag","embeddable":true,"href":"https:\/\/libreriahistoriasdebolsillo.com\/index.php\/wp-json\/wp\/v2\/product_tag?post=1773"}],"curies":[{"name":"wp","href":"https:\/\/api.w.org\/{rel}","templated":true}]}}